{"id":10778,"date":"2022-12-13T10:00:27","date_gmt":"2022-12-13T09:00:27","guid":{"rendered":"https:\/\/concepts-mallorca.com\/a-propos-de-nous"},"modified":"2023-06-28T16:10:42","modified_gmt":"2023-06-28T14:10:42","slug":"a-propos-de-nous","status":"publish","type":"page","link":"https:\/\/concepts-mallorca.com\/fr\/a-propos-de-nous","title":{"rendered":"\u00c0 propos de nous"},"content":{"rendered":"\t\t<div data-elementor-type=\"wp-page\" data-elementor-id=\"10778\" class=\"elementor elementor-10778 elementor-1750\">\n\t\t\t\t\t\t\t\t\t<section class=\"elementor-section elementor-top-section elementor-element elementor-element-e5ee8d4 elementor-section-full_width elementor-reverse-mobile elementor-section-height-default elementor-section-height-default qodef-elementor-content-no qodef-elementor-column-no\" data-id=\"e5ee8d4\" data-element_type=\"section\">\n\t\t\t\t\t\t<div class=\"elementor-container elementor-column-gap-default\">\n\t\t\t\t\t<div class=\"elementor-column elementor-col-50 elementor-top-column elementor-element elementor-element-fa70e4f\" data-id=\"fa70e4f\" data-element_type=\"column\">\n\t\t\t<div class=\"elementor-widget-wrap elementor-element-populated\">\n\t\t\t\t\t\t\t\t<div class=\"elementor-element elementor-element-9f16d80 elementor-widget elementor-widget-hiroshi_core_section_title\" data-id=\"9f16d80\" data-element_type=\"widget\" data-widget_type=\"hiroshi_core_section_title.default\">\n\t\t\t\t<div class=\"elementor-widget-container\">\n\t\t\t<div class=\"qodef-shortcode qodef-m  qodef-section-title qodef-alignment--left qodef-title-break--disabled\">\n\t\t<h1 class=\"qodef-m-title\" >\n\t\t\t\t\t\u00c0 propos de nous<br \/>\t\t\t<\/h1>\n\t<\/div>\n\t\t<\/div>\n\t\t\t\t<\/div>\n\t\t\t\t<div class=\"elementor-element elementor-element-ce31aae elementor-widget elementor-widget-text-editor\" data-id=\"ce31aae\" data-element_type=\"widget\" data-widget_type=\"text-editor.default\">\n\t\t\t\t<div class=\"elementor-widget-container\">\n\t\t\t<style>\/*! elementor - v3.16.0 - 20-09-2023 *\/\n.elementor-widget-text-editor.elementor-drop-cap-view-stacked .elementor-drop-cap{background-color:#69727d;color:#fff}.elementor-widget-text-editor.elementor-drop-cap-view-framed .elementor-drop-cap{color:#69727d;border:3px solid;background-color:transparent}.elementor-widget-text-editor:not(.elementor-drop-cap-view-default) .elementor-drop-cap{margin-top:8px}.elementor-widget-text-editor:not(.elementor-drop-cap-view-default) .elementor-drop-cap-letter{width:1em;height:1em}.elementor-widget-text-editor .elementor-drop-cap{float:left;text-align:center;line-height:1;font-size:50px}.elementor-widget-text-editor .elementor-drop-cap-letter{display:inline-block}<\/style>\t\t\t\t<h6>D\u00c9COUVREZ REAL ESTATE CONCEPTS<\/h6>\n\t\t\t\t\t\t<\/div>\n\t\t\t\t<\/div>\n\t\t\t\t<div class=\"elementor-element elementor-element-925152f elementor-widget elementor-widget-text-editor\" data-id=\"925152f\" data-element_type=\"widget\" data-widget_type=\"text-editor.default\">\n\t\t\t\t<div class=\"elementor-widget-container\">\n\t\t\t\t\t\t\t<p class=\"MsoNormal\" style=\"text-align: justify;\">Nous sommes des promoteurs et conseillers immobiliers sp\u00e9cialis\u00e9s dans la r\u00e9gion sud de l\u2019\u00eele de Majorque.<\/p>\n<p class=\"MsoNormal\" style=\"text-align: justify;\">Nous souhaitons mettre notre exp\u00e9rience au service de nos clients\u00a0: nous aimons les aider \u00e0 r\u00e9aliser leur r\u00eave de vivre au bord de la mer.<\/p>\n<p class=\"MsoNormal\" style=\"text-align: justify;\">Nous aimons les accompagner dans leur d\u00e9cision de vouloir vivre ou s\u00e9journer pendant de longues p\u00e9riodes dans notre environnement.<\/p>\n<p class=\"MsoNormal\" style=\"text-align: justify;\">Nous savons qu\u2019un d\u00e9m\u00e9nagement vers un nouvel environnement est source de nombreux doutes et inqui\u00e9tudes, et nous voulons trouver les solutions.<\/p>\n<p class=\"MsoNormal\" style=\"text-align: justify;\">Bienvenus \u00e0 REAL ESTATE CONCEPTS.<\/p>\n<blockquote>\n<p>D\u00e9couvrir l\u2019environnement majorquin a \u00e9t\u00e9 une exp\u00e9rience unique que je souhaite partager avec mes clients. C\u2019est la raison de la cr\u00e9ation de Real Estate Concepts\u00a0: une nouvelle fa\u00e7on de vivre dans un environnement idyllique.<\/p>\n<\/blockquote>\n\t\t\t\t\t\t<\/div>\n\t\t\t\t<\/div>\n\t\t\t\t<div class=\"elementor-element elementor-element-4407e29 elementor-widget elementor-widget-text-editor\" data-id=\"4407e29\" data-element_type=\"widget\" data-widget_type=\"text-editor.default\">\n\t\t\t\t<div class=\"elementor-widget-container\">\n\t\t\t\t\t\t\t<h6 style=\"text-align: left;\">David Trullols &#8211; Directeur<\/h6>\n\t\t\t\t\t\t<\/div>\n\t\t\t\t<\/div>\n\t\t\t\t\t<\/div>\n\t\t<\/div>\n\t\t\t\t<div class=\"elementor-column elementor-col-50 elementor-top-column elementor-element elementor-element-a3b9081\" data-id=\"a3b9081\" data-element_type=\"column\">\n\t\t\t<div class=\"elementor-widget-wrap elementor-element-populated\">\n\t\t\t\t\t\t\t\t<div class=\"elementor-element elementor-element-64d4ce6 elementor-widget elementor-widget-hiroshi_core_single_image\" data-id=\"64d4ce6\" data-element_type=\"widget\" data-widget_type=\"hiroshi_core_single_image.default\">\n\t\t\t\t<div class=\"elementor-widget-container\">\n\t\t\t<div class=\"qodef-shortcode qodef-m  qodef-single-image qodef-layout--default   \">\n\t\t\t<div class=\"qodef-m-image\">\n\t\t\t\t\t\t\t\t<img decoding=\"async\" loading=\"lazy\" src=\"https:\/\/concepts-mallorca.com\/wp-content\/uploads\/2023\/05\/david-trullols-real-estate-concepts-300x500.jpg\" alt=\"\" width=\"300\" height=\"500\" data-ratio=\"0.6\" \/>\t\t\t\t\t\t\t<\/div>\n\t<\/div>\n\t\t<\/div>\n\t\t\t\t<\/div>\n\t\t\t\t\t<\/div>\n\t\t<\/div>\n\t\t\t\t\t\t\t<\/div>\n\t\t<\/section>\n\t\t\t\t\t\t\t<\/div>\n\t\t","protected":false},"excerpt":{"rendered":"<p>\u00c0 propos de nous D\u00c9COUVREZ REAL ESTATE CONCEPTS Nous sommes des promoteurs et conseillers immobiliers sp\u00e9cialis\u00e9s dans la r\u00e9gion sud de l\u2019\u00eele de Majorque. Nous souhaitons mettre notre exp\u00e9rience au service de nos clients\u00a0: nous aimons les aider \u00e0 r\u00e9aliser leur r\u00eave de vivre au bord de la mer. Nous aimons les accompagner dans leur [&hellip;]<\/p>\n","protected":false},"author":1,"featured_media":0,"parent":0,"menu_order":0,"comment_status":"closed","ping_status":"closed","template":"page-full-width.php","meta":{"footnotes":""},"yoast_head":"<!-- This site is optimized with the Yoast SEO plugin v21.2 - https:\/\/yoast.com\/wordpress\/plugins\/seo\/ -->\n<title>\u00c0 propos de nous - Real Estate Conceps Mallorca<\/title>\n<meta name=\"robots\" content=\"index, follow, max-snippet:-1, max-image-preview:large, max-video-preview:-1\" \/>\n<link rel=\"canonical\" href=\"https:\/\/concepts-mallorca.com\/fr\/a-propos-de-nous\" \/>\n<meta property=\"og:locale\" content=\"fr_FR\" \/>\n<meta property=\"og:type\" content=\"article\" \/>\n<meta property=\"og:title\" content=\"\u00c0 propos de nous - Real Estate Conceps Mallorca\" \/>\n<meta property=\"og:description\" content=\"\u00c0 propos de nous D\u00c9COUVREZ REAL ESTATE CONCEPTS Nous sommes des promoteurs et conseillers immobiliers sp\u00e9cialis\u00e9s dans la r\u00e9gion sud de l\u2019\u00eele de Majorque. Nous souhaitons mettre notre exp\u00e9rience au service de nos clients\u00a0: nous aimons les aider \u00e0 r\u00e9aliser leur r\u00eave de vivre au bord de la mer. Nous aimons les accompagner dans leur [&hellip;]\" \/>\n<meta property=\"og:url\" content=\"https:\/\/concepts-mallorca.com\/fr\/a-propos-de-nous\" \/>\n<meta property=\"og:site_name\" content=\"Real Estate Conceps Mallorca\" \/>\n<meta property=\"article:modified_time\" content=\"2023-06-28T14:10:42+00:00\" \/>\n<meta property=\"og:image\" content=\"https:\/\/concepts-mallorca.com\/wp-content\/uploads\/2023\/05\/david-trullols-real-estate-concepts-300x500.jpg\" \/>\n<meta name=\"twitter:card\" content=\"summary_large_image\" \/>\n<meta name=\"twitter:label1\" content=\"Dur\u00e9e de lecture estim\u00e9e\" \/>\n\t<meta name=\"twitter:data1\" content=\"1 minute\" \/>\n<script type=\"application\/ld+json\" class=\"yoast-schema-graph\">{\"@context\":\"https:\/\/schema.org\",\"@graph\":[{\"@type\":\"WebPage\",\"@id\":\"https:\/\/concepts-mallorca.com\/fr\/a-propos-de-nous\",\"url\":\"https:\/\/concepts-mallorca.com\/fr\/a-propos-de-nous\",\"name\":\"\u00c0 propos de nous - Real Estate Conceps Mallorca\",\"isPartOf\":{\"@id\":\"https:\/\/concepts-mallorca.com\/fr#website\"},\"datePublished\":\"2022-12-13T09:00:27+00:00\",\"dateModified\":\"2023-06-28T14:10:42+00:00\",\"breadcrumb\":{\"@id\":\"https:\/\/concepts-mallorca.com\/fr\/a-propos-de-nous#breadcrumb\"},\"inLanguage\":\"fr-FR\",\"potentialAction\":[{\"@type\":\"ReadAction\",\"target\":[\"https:\/\/concepts-mallorca.com\/fr\/a-propos-de-nous\"]}]},{\"@type\":\"BreadcrumbList\",\"@id\":\"https:\/\/concepts-mallorca.com\/fr\/a-propos-de-nous#breadcrumb\",\"itemListElement\":[{\"@type\":\"ListItem\",\"position\":1,\"name\":\"Portada\",\"item\":\"https:\/\/concepts-mallorca.com\/fr\"},{\"@type\":\"ListItem\",\"position\":2,\"name\":\"\u00c0 propos de nous\"}]},{\"@type\":\"WebSite\",\"@id\":\"https:\/\/concepts-mallorca.com\/fr#website\",\"url\":\"https:\/\/concepts-mallorca.com\/fr\",\"name\":\"Real Estate Conceps Mallorca\",\"description\":\"Tu nuevo hogar\",\"publisher\":{\"@id\":\"https:\/\/concepts-mallorca.com\/fr#organization\"},\"potentialAction\":[{\"@type\":\"SearchAction\",\"target\":{\"@type\":\"EntryPoint\",\"urlTemplate\":\"https:\/\/concepts-mallorca.com\/fr?s={search_term_string}\"},\"query-input\":\"required name=search_term_string\"}],\"inLanguage\":\"fr-FR\"},{\"@type\":\"Organization\",\"@id\":\"https:\/\/concepts-mallorca.com\/fr#organization\",\"name\":\"Real Estate Conceps Mallorca\",\"url\":\"https:\/\/concepts-mallorca.com\/fr\",\"logo\":{\"@type\":\"ImageObject\",\"inLanguage\":\"fr-FR\",\"@id\":\"https:\/\/concepts-mallorca.com\/fr#\/schema\/logo\/image\/\",\"url\":\"https:\/\/concepts-mallorca.com\/wp-content\/uploads\/2023\/05\/logo-real-estate-conceps.png\",\"contentUrl\":\"https:\/\/concepts-mallorca.com\/wp-content\/uploads\/2023\/05\/logo-real-estate-conceps.png\",\"width\":1064,\"height\":485,\"caption\":\"Real Estate Conceps Mallorca\"},\"image\":{\"@id\":\"https:\/\/concepts-mallorca.com\/fr#\/schema\/logo\/image\/\"},\"sameAs\":[\"https:\/\/www.instagram.com\/real.estateconcepts\/\"]}]}<\/script>\n<!-- \/ Yoast SEO plugin. -->","yoast_head_json":{"title":"\u00c0 propos de nous - Real Estate Conceps Mallorca","robots":{"index":"index","follow":"follow","max-snippet":"max-snippet:-1","max-image-preview":"max-image-preview:large","max-video-preview":"max-video-preview:-1"},"canonical":"https:\/\/concepts-mallorca.com\/fr\/a-propos-de-nous","og_locale":"fr_FR","og_type":"article","og_title":"\u00c0 propos de nous - Real Estate Conceps Mallorca","og_description":"\u00c0 propos de nous D\u00c9COUVREZ REAL ESTATE CONCEPTS Nous sommes des promoteurs et conseillers immobiliers sp\u00e9cialis\u00e9s dans la r\u00e9gion sud de l\u2019\u00eele de Majorque. Nous souhaitons mettre notre exp\u00e9rience au service de nos clients\u00a0: nous aimons les aider \u00e0 r\u00e9aliser leur r\u00eave de vivre au bord de la mer. Nous aimons les accompagner dans leur [&hellip;]","og_url":"https:\/\/concepts-mallorca.com\/fr\/a-propos-de-nous","og_site_name":"Real Estate Conceps Mallorca","article_modified_time":"2023-06-28T14:10:42+00:00","og_image":[{"url":"https:\/\/concepts-mallorca.com\/wp-content\/uploads\/2023\/05\/david-trullols-real-estate-concepts-300x500.jpg"}],"twitter_card":"summary_large_image","twitter_misc":{"Dur\u00e9e de lecture estim\u00e9e":"1 minute"},"schema":{"@context":"https:\/\/schema.org","@graph":[{"@type":"WebPage","@id":"https:\/\/concepts-mallorca.com\/fr\/a-propos-de-nous","url":"https:\/\/concepts-mallorca.com\/fr\/a-propos-de-nous","name":"\u00c0 propos de nous - Real Estate Conceps Mallorca","isPartOf":{"@id":"https:\/\/concepts-mallorca.com\/fr#website"},"datePublished":"2022-12-13T09:00:27+00:00","dateModified":"2023-06-28T14:10:42+00:00","breadcrumb":{"@id":"https:\/\/concepts-mallorca.com\/fr\/a-propos-de-nous#breadcrumb"},"inLanguage":"fr-FR","potentialAction":[{"@type":"ReadAction","target":["https:\/\/concepts-mallorca.com\/fr\/a-propos-de-nous"]}]},{"@type":"BreadcrumbList","@id":"https:\/\/concepts-mallorca.com\/fr\/a-propos-de-nous#breadcrumb","itemListElement":[{"@type":"ListItem","position":1,"name":"Portada","item":"https:\/\/concepts-mallorca.com\/fr"},{"@type":"ListItem","position":2,"name":"\u00c0 propos de nous"}]},{"@type":"WebSite","@id":"https:\/\/concepts-mallorca.com\/fr#website","url":"https:\/\/concepts-mallorca.com\/fr","name":"Real Estate Conceps Mallorca","description":"Tu nuevo hogar","publisher":{"@id":"https:\/\/concepts-mallorca.com\/fr#organization"},"potentialAction":[{"@type":"SearchAction","target":{"@type":"EntryPoint","urlTemplate":"https:\/\/concepts-mallorca.com\/fr?s={search_term_string}"},"query-input":"required name=search_term_string"}],"inLanguage":"fr-FR"},{"@type":"Organization","@id":"https:\/\/concepts-mallorca.com\/fr#organization","name":"Real Estate Conceps Mallorca","url":"https:\/\/concepts-mallorca.com\/fr","logo":{"@type":"ImageObject","inLanguage":"fr-FR","@id":"https:\/\/concepts-mallorca.com\/fr#\/schema\/logo\/image\/","url":"https:\/\/concepts-mallorca.com\/wp-content\/uploads\/2023\/05\/logo-real-estate-conceps.png","contentUrl":"https:\/\/concepts-mallorca.com\/wp-content\/uploads\/2023\/05\/logo-real-estate-conceps.png","width":1064,"height":485,"caption":"Real Estate Conceps Mallorca"},"image":{"@id":"https:\/\/concepts-mallorca.com\/fr#\/schema\/logo\/image\/"},"sameAs":["https:\/\/www.instagram.com\/real.estateconcepts\/"]}]}},"_links":{"self":[{"href":"https:\/\/concepts-mallorca.com\/fr\/wp-json\/wp\/v2\/pages\/10778"}],"collection":[{"href":"https:\/\/concepts-mallorca.com\/fr\/wp-json\/wp\/v2\/pages"}],"about":[{"href":"https:\/\/concepts-mallorca.com\/fr\/wp-json\/wp\/v2\/types\/page"}],"author":[{"embeddable":true,"href":"https:\/\/concepts-mallorca.com\/fr\/wp-json\/wp\/v2\/users\/1"}],"replies":[{"embeddable":true,"href":"https:\/\/concepts-mallorca.com\/fr\/wp-json\/wp\/v2\/comments?post=10778"}],"version-history":[{"count":5,"href":"https:\/\/concepts-mallorca.com\/fr\/wp-json\/wp\/v2\/pages\/10778\/revisions"}],"predecessor-version":[{"id":11045,"href":"https:\/\/concepts-mallorca.com\/fr\/wp-json\/wp\/v2\/pages\/10778\/revisions\/11045"}],"wp:attachment":[{"href":"https:\/\/concepts-mallorca.com\/fr\/wp-json\/wp\/v2\/media?parent=10778"}],"curies":[{"name":"wp","href":"https:\/\/api.w.org\/{rel}","templated":true}]}}