{"id":10772,"date":"2022-12-18T23:24:53","date_gmt":"2022-12-18T22:24:53","guid":{"rendered":"https:\/\/concepts-mallorca.com\/portefeuille"},"modified":"2023-06-28T10:59:37","modified_gmt":"2023-06-28T08:59:37","slug":"portefeuille","status":"publish","type":"page","link":"https:\/\/concepts-mallorca.com\/fr\/portefeuille","title":{"rendered":"Portefeuille"},"content":{"rendered":"\t\t<div data-elementor-type=\"wp-page\" data-elementor-id=\"10772\" class=\"elementor elementor-10772 elementor-4657\">\n\t\t\t\t\t\t\t\t\t<section class=\"elementor-section elementor-top-section elementor-element elementor-element-da90303 elementor-section-full_width qodef-elementor-content-grid elementor-section-height-default elementor-section-height-default qodef-elementor-column-no\" data-id=\"da90303\" data-element_type=\"section\">\n\t\t\t\t\t\t<div class=\"elementor-container elementor-column-gap-default\">\n\t\t\t\t\t<div class=\"elementor-column elementor-col-100 elementor-top-column elementor-element elementor-element-18670ef\" data-id=\"18670ef\" data-element_type=\"column\">\n\t\t\t<div class=\"elementor-widget-wrap elementor-element-populated\">\n\t\t\t\t\t\t\t\t<div class=\"elementor-element elementor-element-ae5a92d grayscale elementor-widget elementor-widget-hiroshi_core_portfolio_list\" data-id=\"ae5a92d\" data-element_type=\"widget\" data-widget_type=\"hiroshi_core_portfolio_list.default\">\n\t\t\t\t<div class=\"elementor-widget-container\">\n\t\t\t<div class=\"qodef-shortcode qodef-m  qodef-portfolio-list qodef-item-layout--info-below  qodef-grid qodef-layout--columns  qodef-gutter--small qodef-col-num--2 qodef-item-layout--info-below qodef-filter--on qodef-pagination--on qodef-pagination-type--infinite-scroll qodef-responsive--predefined qodef-hover-animation--move-text\" data-options=\"{&quot;plugin&quot;:&quot;hiroshi_core&quot;,&quot;module&quot;:&quot;post-types\\\/portfolio\\\/shortcodes&quot;,&quot;shortcode&quot;:&quot;portfolio-list&quot;,&quot;post_type&quot;:&quot;portfolio-item&quot;,&quot;next_page&quot;:&quot;2&quot;,&quot;max_pages_num&quot;:3,&quot;behavior&quot;:&quot;columns&quot;,&quot;images_proportion&quot;:&quot;full&quot;,&quot;columns&quot;:&quot;2&quot;,&quot;columns_responsive&quot;:&quot;predefined&quot;,&quot;space&quot;:&quot;small&quot;,&quot;posts_per_page&quot;:&quot;6&quot;,&quot;orderby&quot;:&quot;date&quot;,&quot;order&quot;:&quot;ASC&quot;,&quot;additional_params&quot;:&quot;tax&quot;,&quot;tax&quot;:&quot;portfolio-category&quot;,&quot;tax__in&quot;:&quot;70,71,69&quot;,&quot;layout&quot;:&quot;info-below&quot;,&quot;hover_animation_info-below&quot;:&quot;move-text&quot;,&quot;hover_animation_info-follow&quot;:&quot;follow&quot;,&quot;hover_animation_info-on-hover&quot;:&quot;fade-in&quot;,&quot;title_tag&quot;:&quot;h5&quot;,&quot;enable_category&quot;:&quot;yes&quot;,&quot;zigzag&quot;:&quot;no&quot;,&quot;custom_margin&quot;:&quot;no&quot;,&quot;enable_appear&quot;:&quot;no&quot;,&quot;enable_filter&quot;:&quot;yes&quot;,&quot;pagination_type&quot;:&quot;infinite-scroll&quot;,&quot;object_class_name&quot;:&quot;HiroshiCore_Portfolio_List_Shortcode&quot;,&quot;taxonomy_filter&quot;:&quot;portfolio-category&quot;,&quot;additional_query_args&quot;:{&quot;tax_query&quot;:[{&quot;taxonomy&quot;:&quot;portfolio-category&quot;,&quot;field&quot;:&quot;term_id&quot;,&quot;terms&quot;:[70,71,69]}]},&quot;space_value&quot;:10}\">\n\t\t<div class=\"qodef-m-filter\">\n\t\t\t\t\t<div class=\"qodef-m-filter-items\">\n\t\t\t\t<a class=\"qodef-m-filter-item qodef--active\" href=\"#\" data-taxonomy=\"portfolio-category\" data-filter=\"*\">\n\t\t\t\t\t<span class=\"qodef-m-filter-item-name\">Show All<\/span>\n\t\t\t\t<\/a>\n\t\t\t\t\t\t\t\t\t<a class=\"qodef-m-filter-item\" href=\"#\" data-taxonomy=\"portfolio-category\" data-filter=\"construction-neuve\">\n\t\t\t\t\t\t<span class=\"qodef-m-filter-item-name\">Construction neuve<\/span>\n\t\t\t\t\t<\/a>\n\t\t\t\t\t\t\t\t\t<a class=\"qodef-m-filter-item\" href=\"#\" data-taxonomy=\"portfolio-category\" data-filter=\"logements\">\n\t\t\t\t\t\t<span class=\"qodef-m-filter-item-name\">Logements<\/span>\n\t\t\t\t\t<\/a>\n\t\t\t\t\t\t\t\t\t<a class=\"qodef-m-filter-item\" href=\"#\" data-taxonomy=\"portfolio-category\" data-filter=\"terrains\">\n\t\t\t\t\t\t<span class=\"qodef-m-filter-item-name\">Terrains<\/span>\n\t\t\t\t\t<\/a>\n\t\t\t\t\t\t\t<\/div>\n\t\t\t<\/div>\n\t\t<div class=\"qodef-grid-inner clear\">\n\t\t<article class=\"qodef-e qodef-grid-item qodef-item--full  post-10792 portfolio-item type-portfolio-item status-publish has-post-thumbnail hentry portfolio-category-construction-neuve\">\n\t<div class=\"qodef-e-inner\" >\n\t\t<div class=\"qodef-e-image\">\n\t\t\t\t<div class=\"qodef-e-media-image\">\n\t\t<a itemprop=\"url\" href=\"https:\/\/concepts-mallorca.com\/fr\/portfolio-item\/sant-blai\" target=\"_self\">\n\t\t\t<img loading=\"lazy\" width=\"1300\" height=\"546\" src=\"https:\/\/concepts-mallorca.com\/wp-content\/uploads\/2023\/05\/piscina-sant-blai-dia.jpg\" class=\"attachment-full size-full wp-post-image\" alt=\"\" decoding=\"async\" srcset=\"https:\/\/concepts-mallorca.com\/wp-content\/uploads\/2023\/05\/piscina-sant-blai-dia.jpg 1300w, https:\/\/concepts-mallorca.com\/wp-content\/uploads\/2023\/05\/piscina-sant-blai-dia-300x126.jpg 300w, https:\/\/concepts-mallorca.com\/wp-content\/uploads\/2023\/05\/piscina-sant-blai-dia-1024x430.jpg 1024w, https:\/\/concepts-mallorca.com\/wp-content\/uploads\/2023\/05\/piscina-sant-blai-dia-768x323.jpg 768w\" sizes=\"(max-width: 1300px) 100vw, 1300px\" \/>\t\t<\/a>\n\t<\/div>\n\t\t\t\t\t<\/div>\n\t\t<div class=\"qodef-e-content\" >\n\t\t\t<div class=\"qodef-e-text\">\n\t\t\t\t<h5 itemprop=\"name\" class=\"qodef-e-title entry-title\" >\n\t<a itemprop=\"url\" class=\"qodef-e-title-link\" href=\"https:\/\/concepts-mallorca.com\/fr\/portfolio-item\/sant-blai\" target=\"_self\">\n\t\tSant Blai\t<\/a>\n<\/h5>\n\t\t\t<\/div>\n\t\t\t<div class=\"qodef-e-top-holder\">\n\t\t\t\t<div class=\"qodef-e-info\">\n\t\t\t\t\t\t<a href=\"https:\/\/concepts-mallorca.com\/fr\/portfolio-category\/construction-neuve\" rel=\"tag\">Construction neuve<\/a>\t<div class=\"qodef-info-separator-end\"><\/div>\n\t\t\t\t<\/div>\n\t\t\t<\/div>\n\t\t<\/div>\n\t<\/div>\n<\/article>\n<article class=\"qodef-e qodef-grid-item qodef-item--full  post-10788 portfolio-item type-portfolio-item status-publish has-post-thumbnail hentry portfolio-category-logements\">\n\t<div class=\"qodef-e-inner\" >\n\t\t<div class=\"qodef-e-image\">\n\t\t\t\t<div class=\"qodef-e-media-image\">\n\t\t<a itemprop=\"url\" href=\"https:\/\/concepts-mallorca.com\/fr\/portfolio-item\/cami-de-son-pau\" target=\"_self\">\n\t\t\t<img loading=\"lazy\" width=\"1300\" height=\"867\" src=\"https:\/\/concepts-mallorca.com\/wp-content\/uploads\/2023\/06\/cami-son-pau-vendida_FR.jpg\" class=\"attachment-full size-full wp-post-image\" alt=\"\" decoding=\"async\" srcset=\"https:\/\/concepts-mallorca.com\/wp-content\/uploads\/2023\/06\/cami-son-pau-vendida_FR.jpg 1300w, https:\/\/concepts-mallorca.com\/wp-content\/uploads\/2023\/06\/cami-son-pau-vendida_FR-300x200.jpg 300w, https:\/\/concepts-mallorca.com\/wp-content\/uploads\/2023\/06\/cami-son-pau-vendida_FR-1024x683.jpg 1024w, https:\/\/concepts-mallorca.com\/wp-content\/uploads\/2023\/06\/cami-son-pau-vendida_FR-768x512.jpg 768w\" sizes=\"(max-width: 1300px) 100vw, 1300px\" \/>\t\t<\/a>\n\t<\/div>\n\t\t\t\t\t<\/div>\n\t\t<div class=\"qodef-e-content\" >\n\t\t\t<div class=\"qodef-e-text\">\n\t\t\t\t<h5 itemprop=\"name\" class=\"qodef-e-title entry-title\" >\n\t<a itemprop=\"url\" class=\"qodef-e-title-link\" href=\"https:\/\/concepts-mallorca.com\/fr\/portfolio-item\/cami-de-son-pau\" target=\"_self\">\n\t\tCam\u00ed de Son Pau\t<\/a>\n<\/h5>\n\t\t\t<\/div>\n\t\t\t<div class=\"qodef-e-top-holder\">\n\t\t\t\t<div class=\"qodef-e-info\">\n\t\t\t\t\t\t<a href=\"https:\/\/concepts-mallorca.com\/fr\/portfolio-category\/logements\" rel=\"tag\">Logements<\/a>\t<div class=\"qodef-info-separator-end\"><\/div>\n\t\t\t\t<\/div>\n\t\t\t<\/div>\n\t\t<\/div>\n\t<\/div>\n<\/article>\n<article class=\"qodef-e qodef-grid-item qodef-item--full  post-10786 portfolio-item type-portfolio-item status-publish has-post-thumbnail hentry portfolio-category-terrains\">\n\t<div class=\"qodef-e-inner\" >\n\t\t<div class=\"qodef-e-image\">\n\t\t\t\t<div class=\"qodef-e-media-image\">\n\t\t<a itemprop=\"url\" href=\"https:\/\/concepts-mallorca.com\/fr\/portfolio-item\/terrain-p-001\" target=\"_self\">\n\t\t\t<img loading=\"lazy\" width=\"1300\" height=\"867\" src=\"https:\/\/concepts-mallorca.com\/wp-content\/uploads\/2023\/06\/parcela-0001-vendidaFR.jpg\" class=\"attachment-full size-full wp-post-image\" alt=\"\" decoding=\"async\" srcset=\"https:\/\/concepts-mallorca.com\/wp-content\/uploads\/2023\/06\/parcela-0001-vendidaFR.jpg 1300w, https:\/\/concepts-mallorca.com\/wp-content\/uploads\/2023\/06\/parcela-0001-vendidaFR-300x200.jpg 300w, https:\/\/concepts-mallorca.com\/wp-content\/uploads\/2023\/06\/parcela-0001-vendidaFR-1024x683.jpg 1024w, https:\/\/concepts-mallorca.com\/wp-content\/uploads\/2023\/06\/parcela-0001-vendidaFR-768x512.jpg 768w\" sizes=\"(max-width: 1300px) 100vw, 1300px\" \/>\t\t<\/a>\n\t<\/div>\n\t\t\t\t\t<\/div>\n\t\t<div class=\"qodef-e-content\" >\n\t\t\t<div class=\"qodef-e-text\">\n\t\t\t\t<h5 itemprop=\"name\" class=\"qodef-e-title entry-title\" >\n\t<a itemprop=\"url\" class=\"qodef-e-title-link\" href=\"https:\/\/concepts-mallorca.com\/fr\/portfolio-item\/terrain-p-001\" target=\"_self\">\n\t\tTerrain P\/001\t<\/a>\n<\/h5>\n\t\t\t<\/div>\n\t\t\t<div class=\"qodef-e-top-holder\">\n\t\t\t\t<div class=\"qodef-e-info\">\n\t\t\t\t\t\t<a href=\"https:\/\/concepts-mallorca.com\/fr\/portfolio-category\/terrains\" rel=\"tag\">Terrains<\/a>\t<div class=\"qodef-info-separator-end\"><\/div>\n\t\t\t\t<\/div>\n\t\t\t<\/div>\n\t\t<\/div>\n\t<\/div>\n<\/article>\n<article class=\"qodef-e qodef-grid-item qodef-item--full  post-10787 portfolio-item type-portfolio-item status-publish has-post-thumbnail hentry portfolio-category-terrains\">\n\t<div class=\"qodef-e-inner\" >\n\t\t<div class=\"qodef-e-image\">\n\t\t\t\t<div class=\"qodef-e-media-image\">\n\t\t<a itemprop=\"url\" href=\"https:\/\/concepts-mallorca.com\/fr\/portfolio-item\/terrain-p-002\" target=\"_self\">\n\t\t\t<img loading=\"lazy\" width=\"1300\" height=\"867\" src=\"https:\/\/concepts-mallorca.com\/wp-content\/uploads\/2023\/06\/p002-vendida_FR.jpg\" class=\"attachment-full size-full wp-post-image\" alt=\"\" decoding=\"async\" srcset=\"https:\/\/concepts-mallorca.com\/wp-content\/uploads\/2023\/06\/p002-vendida_FR.jpg 1300w, https:\/\/concepts-mallorca.com\/wp-content\/uploads\/2023\/06\/p002-vendida_FR-300x200.jpg 300w, https:\/\/concepts-mallorca.com\/wp-content\/uploads\/2023\/06\/p002-vendida_FR-1024x683.jpg 1024w, https:\/\/concepts-mallorca.com\/wp-content\/uploads\/2023\/06\/p002-vendida_FR-768x512.jpg 768w\" sizes=\"(max-width: 1300px) 100vw, 1300px\" \/>\t\t<\/a>\n\t<\/div>\n\t\t\t\t\t<\/div>\n\t\t<div class=\"qodef-e-content\" >\n\t\t\t<div class=\"qodef-e-text\">\n\t\t\t\t<h5 itemprop=\"name\" class=\"qodef-e-title entry-title\" >\n\t<a itemprop=\"url\" class=\"qodef-e-title-link\" href=\"https:\/\/concepts-mallorca.com\/fr\/portfolio-item\/terrain-p-002\" target=\"_self\">\n\t\tTerrain P\/002\t<\/a>\n<\/h5>\n\t\t\t<\/div>\n\t\t\t<div class=\"qodef-e-top-holder\">\n\t\t\t\t<div class=\"qodef-e-info\">\n\t\t\t\t\t\t<a href=\"https:\/\/concepts-mallorca.com\/fr\/portfolio-category\/terrains\" rel=\"tag\">Terrains<\/a>\t<div class=\"qodef-info-separator-end\"><\/div>\n\t\t\t\t<\/div>\n\t\t\t<\/div>\n\t\t<\/div>\n\t<\/div>\n<\/article>\n<article class=\"qodef-e qodef-grid-item qodef-item--full  post-10785 portfolio-item type-portfolio-item status-publish has-post-thumbnail hentry portfolio-category-terrains\">\n\t<div class=\"qodef-e-inner\" >\n\t\t<div class=\"qodef-e-image\">\n\t\t\t\t<div class=\"qodef-e-media-image\">\n\t\t<a itemprop=\"url\" href=\"https:\/\/concepts-mallorca.com\/fr\/portfolio-item\/terrain-p-003\" target=\"_self\">\n\t\t\t<img loading=\"lazy\" width=\"1300\" height=\"867\" src=\"https:\/\/concepts-mallorca.com\/wp-content\/uploads\/2023\/06\/p003-vendida_FR.jpg\" class=\"attachment-full size-full wp-post-image\" alt=\"\" decoding=\"async\" srcset=\"https:\/\/concepts-mallorca.com\/wp-content\/uploads\/2023\/06\/p003-vendida_FR.jpg 1300w, https:\/\/concepts-mallorca.com\/wp-content\/uploads\/2023\/06\/p003-vendida_FR-300x200.jpg 300w, https:\/\/concepts-mallorca.com\/wp-content\/uploads\/2023\/06\/p003-vendida_FR-1024x683.jpg 1024w, https:\/\/concepts-mallorca.com\/wp-content\/uploads\/2023\/06\/p003-vendida_FR-768x512.jpg 768w\" sizes=\"(max-width: 1300px) 100vw, 1300px\" \/>\t\t<\/a>\n\t<\/div>\n\t\t\t\t\t<\/div>\n\t\t<div class=\"qodef-e-content\" >\n\t\t\t<div class=\"qodef-e-text\">\n\t\t\t\t<h5 itemprop=\"name\" class=\"qodef-e-title entry-title\" >\n\t<a itemprop=\"url\" class=\"qodef-e-title-link\" href=\"https:\/\/concepts-mallorca.com\/fr\/portfolio-item\/terrain-p-003\" target=\"_self\">\n\t\tTerrain P\/003\t<\/a>\n<\/h5>\n\t\t\t<\/div>\n\t\t\t<div class=\"qodef-e-top-holder\">\n\t\t\t\t<div class=\"qodef-e-info\">\n\t\t\t\t\t\t<a href=\"https:\/\/concepts-mallorca.com\/fr\/portfolio-category\/terrains\" rel=\"tag\">Terrains<\/a>\t<div class=\"qodef-info-separator-end\"><\/div>\n\t\t\t\t<\/div>\n\t\t\t<\/div>\n\t\t<\/div>\n\t<\/div>\n<\/article>\n<article class=\"qodef-e qodef-grid-item qodef-item--full  post-10783 portfolio-item type-portfolio-item status-publish has-post-thumbnail hentry portfolio-category-terrains\">\n\t<div class=\"qodef-e-inner\" >\n\t\t<div class=\"qodef-e-image\">\n\t\t\t\t<div class=\"qodef-e-media-image\">\n\t\t<a itemprop=\"url\" href=\"https:\/\/concepts-mallorca.com\/fr\/portfolio-item\/terrain-p-006\" target=\"_self\">\n\t\t\t<img loading=\"lazy\" width=\"1300\" height=\"867\" src=\"https:\/\/concepts-mallorca.com\/wp-content\/uploads\/2023\/06\/p006-vendida_FR.jpg\" class=\"attachment-full size-full wp-post-image\" alt=\"\" decoding=\"async\" srcset=\"https:\/\/concepts-mallorca.com\/wp-content\/uploads\/2023\/06\/p006-vendida_FR.jpg 1300w, https:\/\/concepts-mallorca.com\/wp-content\/uploads\/2023\/06\/p006-vendida_FR-300x200.jpg 300w, https:\/\/concepts-mallorca.com\/wp-content\/uploads\/2023\/06\/p006-vendida_FR-1024x683.jpg 1024w, https:\/\/concepts-mallorca.com\/wp-content\/uploads\/2023\/06\/p006-vendida_FR-768x512.jpg 768w\" sizes=\"(max-width: 1300px) 100vw, 1300px\" \/>\t\t<\/a>\n\t<\/div>\n\t\t\t\t\t<\/div>\n\t\t<div class=\"qodef-e-content\" >\n\t\t\t<div class=\"qodef-e-text\">\n\t\t\t\t<h5 itemprop=\"name\" class=\"qodef-e-title entry-title\" >\n\t<a itemprop=\"url\" class=\"qodef-e-title-link\" href=\"https:\/\/concepts-mallorca.com\/fr\/portfolio-item\/terrain-p-006\" target=\"_self\">\n\t\tTerrain P\/006\t<\/a>\n<\/h5>\n\t\t\t<\/div>\n\t\t\t<div class=\"qodef-e-top-holder\">\n\t\t\t\t<div class=\"qodef-e-info\">\n\t\t\t\t\t\t<a href=\"https:\/\/concepts-mallorca.com\/fr\/portfolio-category\/terrains\" rel=\"tag\">Terrains<\/a>\t<div class=\"qodef-info-separator-end\"><\/div>\n\t\t\t\t<\/div>\n\t\t\t<\/div>\n\t\t<\/div>\n\t<\/div>\n<\/article>\n\t<\/div>\n\t\t<div class=\"qodef-m-pagination qodef--infinite-scroll\">\n\t\t<svg class=\"qodef-svg--spinner qodef-m-pagination-spinner\" xmlns=\"http:\/\/www.w3.org\/2000\/svg\" width=\"512\" height=\"512\" viewBox=\"0 0 512 512\"><path d=\"M304 48c0 26.51-21.49 48-48 48s-48-21.49-48-48 21.49-48 48-48 48 21.49 48 48zm-48 368c-26.51 0-48 21.49-48 48s21.49 48 48 48 48-21.49 48-48-21.49-48-48-48zm208-208c-26.51 0-48 21.49-48 48s21.49 48 48 48 48-21.49 48-48-21.49-48-48-48zM96 256c0-26.51-21.49-48-48-48S0 229.49 0 256s21.49 48 48 48 48-21.49 48-48zm12.922 99.078c-26.51 0-48 21.49-48 48s21.49 48 48 48 48-21.49 48-48c0-26.509-21.491-48-48-48zm294.156 0c-26.51 0-48 21.49-48 48s21.49 48 48 48 48-21.49 48-48c0-26.509-21.49-48-48-48zM108.922 60.922c-26.51 0-48 21.49-48 48s21.49 48 48 48 48-21.49 48-48-21.491-48-48-48z\"><\/path><\/svg>\t<\/div>\n<\/div>\n\t\t<\/div>\n\t\t\t\t<\/div>\n\t\t\t\t\t<\/div>\n\t\t<\/div>\n\t\t\t\t\t\t\t<\/div>\n\t\t<\/section>\n\t\t\t\t\t\t\t<\/div>\n\t\t","protected":false},"excerpt":{"rendered":"<p>Ver todos Nueva construcci\u00f3n Parcelas Viviendas Son Llaneras Nueva construcci\u00f3nViviendas Sant Blai Nueva construcci\u00f3nViviendas Parcela #pa00001 Parcelas<\/p>\n","protected":false},"author":1,"featured_media":0,"parent":0,"menu_order":0,"comment_status":"closed","ping_status":"closed","template":"page-full-width.php","meta":{"footnotes":""},"yoast_head":"<!-- This site is optimized with the Yoast SEO plugin v21.2 - https:\/\/yoast.com\/wordpress\/plugins\/seo\/ -->\n<title>Portefeuille - Real Estate Conceps Mallorca<\/title>\n<meta name=\"robots\" content=\"index, follow, max-snippet:-1, max-image-preview:large, max-video-preview:-1\" \/>\n<link rel=\"canonical\" href=\"https:\/\/concepts-mallorca.com\/fr\/portefeuille\" \/>\n<meta property=\"og:locale\" content=\"fr_FR\" \/>\n<meta property=\"og:type\" content=\"article\" \/>\n<meta property=\"og:title\" content=\"Portefeuille - Real Estate Conceps Mallorca\" \/>\n<meta property=\"og:description\" content=\"Ver todos Nueva construcci\u00f3n Parcelas Viviendas Son Llaneras Nueva construcci\u00f3nViviendas Sant Blai Nueva construcci\u00f3nViviendas Parcela #pa00001 Parcelas\" \/>\n<meta property=\"og:url\" content=\"https:\/\/concepts-mallorca.com\/fr\/portefeuille\" \/>\n<meta property=\"og:site_name\" content=\"Real Estate Conceps Mallorca\" \/>\n<meta property=\"article:modified_time\" content=\"2023-06-28T08:59:37+00:00\" \/>\n<meta property=\"og:image\" content=\"https:\/\/concepts-mallorca.com\/wp-content\/uploads\/2023\/05\/son-llaneras-vista-exterior-dia02.jpg\" \/>\n<meta name=\"twitter:card\" content=\"summary_large_image\" \/>\n<script type=\"application\/ld+json\" class=\"yoast-schema-graph\">{\"@context\":\"https:\/\/schema.org\",\"@graph\":[{\"@type\":\"WebPage\",\"@id\":\"https:\/\/concepts-mallorca.com\/fr\/portefeuille\",\"url\":\"https:\/\/concepts-mallorca.com\/fr\/portefeuille\",\"name\":\"Portefeuille - Real Estate Conceps Mallorca\",\"isPartOf\":{\"@id\":\"https:\/\/concepts-mallorca.com\/fr#website\"},\"datePublished\":\"2022-12-18T22:24:53+00:00\",\"dateModified\":\"2023-06-28T08:59:37+00:00\",\"breadcrumb\":{\"@id\":\"https:\/\/concepts-mallorca.com\/fr\/portefeuille#breadcrumb\"},\"inLanguage\":\"fr-FR\",\"potentialAction\":[{\"@type\":\"ReadAction\",\"target\":[\"https:\/\/concepts-mallorca.com\/fr\/portefeuille\"]}]},{\"@type\":\"BreadcrumbList\",\"@id\":\"https:\/\/concepts-mallorca.com\/fr\/portefeuille#breadcrumb\",\"itemListElement\":[{\"@type\":\"ListItem\",\"position\":1,\"name\":\"Portada\",\"item\":\"https:\/\/concepts-mallorca.com\/fr\"},{\"@type\":\"ListItem\",\"position\":2,\"name\":\"Portefeuille\"}]},{\"@type\":\"WebSite\",\"@id\":\"https:\/\/concepts-mallorca.com\/fr#website\",\"url\":\"https:\/\/concepts-mallorca.com\/fr\",\"name\":\"Real Estate Conceps Mallorca\",\"description\":\"Tu nuevo hogar\",\"publisher\":{\"@id\":\"https:\/\/concepts-mallorca.com\/fr#organization\"},\"potentialAction\":[{\"@type\":\"SearchAction\",\"target\":{\"@type\":\"EntryPoint\",\"urlTemplate\":\"https:\/\/concepts-mallorca.com\/fr?s={search_term_string}\"},\"query-input\":\"required name=search_term_string\"}],\"inLanguage\":\"fr-FR\"},{\"@type\":\"Organization\",\"@id\":\"https:\/\/concepts-mallorca.com\/fr#organization\",\"name\":\"Real Estate Conceps Mallorca\",\"url\":\"https:\/\/concepts-mallorca.com\/fr\",\"logo\":{\"@type\":\"ImageObject\",\"inLanguage\":\"fr-FR\",\"@id\":\"https:\/\/concepts-mallorca.com\/fr#\/schema\/logo\/image\/\",\"url\":\"https:\/\/concepts-mallorca.com\/wp-content\/uploads\/2023\/05\/logo-real-estate-conceps.png\",\"contentUrl\":\"https:\/\/concepts-mallorca.com\/wp-content\/uploads\/2023\/05\/logo-real-estate-conceps.png\",\"width\":1064,\"height\":485,\"caption\":\"Real Estate Conceps Mallorca\"},\"image\":{\"@id\":\"https:\/\/concepts-mallorca.com\/fr#\/schema\/logo\/image\/\"},\"sameAs\":[\"https:\/\/www.instagram.com\/real.estateconcepts\/\"]}]}<\/script>\n<!-- \/ Yoast SEO plugin. -->","yoast_head_json":{"title":"Portefeuille - Real Estate Conceps Mallorca","robots":{"index":"index","follow":"follow","max-snippet":"max-snippet:-1","max-image-preview":"max-image-preview:large","max-video-preview":"max-video-preview:-1"},"canonical":"https:\/\/concepts-mallorca.com\/fr\/portefeuille","og_locale":"fr_FR","og_type":"article","og_title":"Portefeuille - Real Estate Conceps Mallorca","og_description":"Ver todos Nueva construcci\u00f3n Parcelas Viviendas Son Llaneras Nueva construcci\u00f3nViviendas Sant Blai Nueva construcci\u00f3nViviendas Parcela #pa00001 Parcelas","og_url":"https:\/\/concepts-mallorca.com\/fr\/portefeuille","og_site_name":"Real Estate Conceps Mallorca","article_modified_time":"2023-06-28T08:59:37+00:00","og_image":[{"url":"https:\/\/concepts-mallorca.com\/wp-content\/uploads\/2023\/05\/son-llaneras-vista-exterior-dia02.jpg"}],"twitter_card":"summary_large_image","schema":{"@context":"https:\/\/schema.org","@graph":[{"@type":"WebPage","@id":"https:\/\/concepts-mallorca.com\/fr\/portefeuille","url":"https:\/\/concepts-mallorca.com\/fr\/portefeuille","name":"Portefeuille - Real Estate Conceps Mallorca","isPartOf":{"@id":"https:\/\/concepts-mallorca.com\/fr#website"},"datePublished":"2022-12-18T22:24:53+00:00","dateModified":"2023-06-28T08:59:37+00:00","breadcrumb":{"@id":"https:\/\/concepts-mallorca.com\/fr\/portefeuille#breadcrumb"},"inLanguage":"fr-FR","potentialAction":[{"@type":"ReadAction","target":["https:\/\/concepts-mallorca.com\/fr\/portefeuille"]}]},{"@type":"BreadcrumbList","@id":"https:\/\/concepts-mallorca.com\/fr\/portefeuille#breadcrumb","itemListElement":[{"@type":"ListItem","position":1,"name":"Portada","item":"https:\/\/concepts-mallorca.com\/fr"},{"@type":"ListItem","position":2,"name":"Portefeuille"}]},{"@type":"WebSite","@id":"https:\/\/concepts-mallorca.com\/fr#website","url":"https:\/\/concepts-mallorca.com\/fr","name":"Real Estate Conceps Mallorca","description":"Tu nuevo hogar","publisher":{"@id":"https:\/\/concepts-mallorca.com\/fr#organization"},"potentialAction":[{"@type":"SearchAction","target":{"@type":"EntryPoint","urlTemplate":"https:\/\/concepts-mallorca.com\/fr?s={search_term_string}"},"query-input":"required name=search_term_string"}],"inLanguage":"fr-FR"},{"@type":"Organization","@id":"https:\/\/concepts-mallorca.com\/fr#organization","name":"Real Estate Conceps Mallorca","url":"https:\/\/concepts-mallorca.com\/fr","logo":{"@type":"ImageObject","inLanguage":"fr-FR","@id":"https:\/\/concepts-mallorca.com\/fr#\/schema\/logo\/image\/","url":"https:\/\/concepts-mallorca.com\/wp-content\/uploads\/2023\/05\/logo-real-estate-conceps.png","contentUrl":"https:\/\/concepts-mallorca.com\/wp-content\/uploads\/2023\/05\/logo-real-estate-conceps.png","width":1064,"height":485,"caption":"Real Estate Conceps Mallorca"},"image":{"@id":"https:\/\/concepts-mallorca.com\/fr#\/schema\/logo\/image\/"},"sameAs":["https:\/\/www.instagram.com\/real.estateconcepts\/"]}]}},"_links":{"self":[{"href":"https:\/\/concepts-mallorca.com\/fr\/wp-json\/wp\/v2\/pages\/10772"}],"collection":[{"href":"https:\/\/concepts-mallorca.com\/fr\/wp-json\/wp\/v2\/pages"}],"about":[{"href":"https:\/\/concepts-mallorca.com\/fr\/wp-json\/wp\/v2\/types\/page"}],"author":[{"embeddable":true,"href":"https:\/\/concepts-mallorca.com\/fr\/wp-json\/wp\/v2\/users\/1"}],"replies":[{"embeddable":true,"href":"https:\/\/concepts-mallorca.com\/fr\/wp-json\/wp\/v2\/comments?post=10772"}],"version-history":[{"count":1,"href":"https:\/\/concepts-mallorca.com\/fr\/wp-json\/wp\/v2\/pages\/10772\/revisions"}],"predecessor-version":[{"id":10773,"href":"https:\/\/concepts-mallorca.com\/fr\/wp-json\/wp\/v2\/pages\/10772\/revisions\/10773"}],"wp:attachment":[{"href":"https:\/\/concepts-mallorca.com\/fr\/wp-json\/wp\/v2\/media?parent=10772"}],"curies":[{"name":"wp","href":"https:\/\/api.w.org\/{rel}","templated":true}]}}