{"id":10763,"date":"2023-06-06T12:33:29","date_gmt":"2023-06-06T10:33:29","guid":{"rendered":"https:\/\/concepts-mallorca.com\/politique-de-confidentialite"},"modified":"2023-06-06T12:33:29","modified_gmt":"2023-06-06T10:33:29","slug":"politique-de-confidentialite","status":"publish","type":"page","link":"https:\/\/concepts-mallorca.com\/fr\/politique-de-confidentialite","title":{"rendered":"Politique de confidentialit\u00e9"},"content":{"rendered":"<div class=\"page-title\">\n<p>Conform\u00e9ment aux dispositions du R\u00e8glement g\u00e9n\u00e9ral sur la protection des donn\u00e9es 2016\/679 (RGPD), la pr\u00e9sente Politique de confidentialit\u00e9 \u00e9tablit les termes dans lesquels REAL ESTATE CONCEPTS S.L. utilise et prot\u00e8ge les informations fournies par ses utilisateurs lors de l\u2019utilisation du site web. Lorsque nous vous demandons des donn\u00e9es \u00e0 caract\u00e8re personnel afin de pouvoir vous identifier, nous nous assurons qu\u2019elles seront utilis\u00e9es uniquement conform\u00e9ment aux termes du pr\u00e9sent document. Cependant, cette Politique de confidentialit\u00e9 peut \u00e9voluer avec le temps et \u00eatre actualis\u00e9e. Nous vous recommandons donc de v\u00e9rifier r\u00e9guli\u00e8rement cette page afin de vous assurer que vous \u00eates d\u2019accord avec les modifications effectu\u00e9es.<\/p>\n<h4>RESPONSABLE<\/h4>\n<p><strong>INFORMATIONS SOCI\u00c9T\u00c9<\/strong><br \/>\nREAL ESTATE CONCEPTS S.L.<br \/>\nCIF\u00a0: B44689065<\/p>\n<p>Adresse\u00a0: CRTA. DE CAMPOS A LA COLONIA DE SANT JORDI KM 7,1 07630 CAMPOS ILLES BALEARS<\/p>\n<p>T\u00e9l\u00e9phone\u00a0: +34 609 16 19 54<br \/>\nAdresse \u00e9lectronique\u00a0: <a href=\"mailto:inforeconcepts@gmail.com\" target=\"_blank\" rel=\"noopener\">inforeconcepts@gmail.com<\/a><\/p>\n<\/div>\n<p>&nbsp;<\/p>\n<div><span style=\"font-family: 'DM Sans', sans-serif; font-size: 22px;\">OBJET<\/span><\/div>\n<div class=\"page-title\">\n<p>Notre site web pourra collecter des donn\u00e9es \u00e0 caract\u00e8re personnel, par exemple\u00a0: Nom, coordonn\u00e9es comme votre adresse e-mail ou d\u2019autres informations personnelles.<\/p>\n<p>REAL ESTATE CONCEPTS pourra collecter des informations uniquement aux fins suivantes\u00a0:<\/p>\n<ul>\n<li>En cas d\u2019achat de services offerts via le Site web, pour maintenir la relation contractuelle, ainsi que pour la gestion, l\u2019administration, l\u2019information, la fourniture et l\u2019am\u00e9lioration du service.<\/li>\n<li>L\u2019envoi des informations demand\u00e9es via les formulaires disponibles sur le Site web.<\/li>\n<li>L\u2019envoi de bulletins d\u2019information (Newsletters), ainsi que de communications commerciales relatives \u00e0 des offres et\/ou de la publicit\u00e9 du Site web.<\/li>\n<\/ul>\n<p>Nous vous rappelons que vous pouvez \u00e0 tout moment vous opposer \u00e0 l\u2019envoi de communications commerciales en envoyant un courriel \u00e0 <a href=\"mailto:inforeconcepts@gmail.com\" target=\"_blank\" rel=\"noopener\">inforeconcepts@gmail.com<\/a>.<\/p>\n<h4>L\u00c9GITIMIT\u00c9<\/h4>\n<p>Le traitement de vos donn\u00e9es est l\u00e9gitim\u00e9 par les bases juridiques suivantes\u00a0:<\/p>\n<ul>\n<li>La demande d\u2019information et\/ou l\u2019achat des services de REAL ESTATE CONCEPTS, dont les termes et conditions seront mis \u00e0 votre disposition avant tout achat de service.<\/li>\n<li>Le consentement expr\u00e8s, sp\u00e9cifique, \u00e9clair\u00e9 et sans \u00e9quivoque, puisque nous vous informons en mettant \u00e0 votre disposition la pr\u00e9sente politique de confidentialit\u00e9 que vous avez la possibilit\u00e9 d\u2019accepter, apr\u00e8s lecture, par une d\u00e9claration ou une action affirmative claire, telle que cocher une case pr\u00e9vue \u00e0 cet effet.<\/li>\n<\/ul>\n<p>Si vous ne consentez pas \u00e0 renseigner vos donn\u00e9es ou si vous le faites de mani\u00e8re incorrecte ou incompl\u00e8te, nous ne pourrons pas r\u00e9pondre \u00e0 votre demande et il ne sera pas possible de vous fournir les informations demand\u00e9es ou de r\u00e9aliser les services sollicit\u00e9s.<\/p>\n<h4>DUR\u00c9E DE CONSERVATION DES DONN\u00c9ES<\/h4>\n<p>Les donn\u00e9es fournies seront conserv\u00e9es pendant toute la dur\u00e9e de l\u2019activit\u00e9 et de la relation commerciale, pendant les ann\u00e9es n\u00e9cessaires pour r\u00e9pondre aux obligations l\u00e9gales ou jusqu\u2019\u00e0 ce qu\u2019elles cessent d\u2019\u00eatre n\u00e9cessaires ou pertinentes aux fins pour lesquelles elles ont \u00e9t\u00e9 collect\u00e9es ou enregistr\u00e9es.<\/p>\n<h4>DESTINATAIRES<\/h4>\n<p>REAL ESTATE CONCEPTS s\u2019engage \u00e0 ne pas vendre, c\u00e9der ou transmettre les donn\u00e9es \u00e0 caract\u00e8re personnel collect\u00e9es sans votre consentement, sauf sur d\u00e9cision de justice \u00e9mise par un juge.<\/p>\n<h4>DROITS<\/h4>\n<p>En tant que personne concern\u00e9e nous ayant fourni vos donn\u00e9es \u00e0 caract\u00e8re personnel, vous avez le droit de savoir si REAL ESTATE CONCEPTS traite vos donn\u00e9es \u00e0 caract\u00e8re personnel, et vous pouvez notamment exercer les droits suivants reconnus par la l\u00e9gislation sur la protection des donn\u00e9es, conform\u00e9ment aux dispositions de cette l\u00e9gislation\u00a0:<\/p>\n<p>Droit d\u2019ACC\u00c8S \u00e0 vos donn\u00e9es \u00e0 caract\u00e8re personnel.<br \/>\nDroit de MODIFICATION des donn\u00e9es inexactes.<br \/>\nDroit de SUPPRESSION, par exemple quand les donn\u00e9es ne sont plus n\u00e9cessaires aux fins pour lesquelles elles ont \u00e9t\u00e9 collect\u00e9es.<br \/>\nDans certaines circonstances, vous pourrez demander la LIMITATION DU TRAITEMENT de vos donn\u00e9es, auquel cas elles seront conserv\u00e9es uniquement pour exercer des r\u00e9clamations ou nous en d\u00e9fendre.<br \/>\nDans certaines circonstances et pour des raisons li\u00e9es \u00e0 votre situation particuli\u00e8re, vous pourrez exercer votre droit d\u2019OPPOSITION au traitement de vos donn\u00e9es. Nous cesserons alors de traiter les donn\u00e9es, sauf raisons l\u00e9gitimes et imp\u00e9rieuses, ou si nous devons exercer des r\u00e9clamations ou nous en d\u00e9fendre.<br \/>\nDans certaines circonstances et pour des raisons li\u00e9es \u00e0 votre situation particuli\u00e8re, vous pourrez exercer votre droit \u00e0 la PORTABILIT\u00c9 de vos donn\u00e9es.<br \/>\nVous pouvez \u00e0 tout moment limiter la collecte ou l\u2019utilisation de vos donn\u00e9es \u00e0 caract\u00e8re personnel fournies sur notre site web. Pour ce faire, il suffit de t\u00e9l\u00e9phoner au +34\u00a0640868775 ou d\u2019envoyer un courriel \u00e0 <a href=\"mailto:inforeconcepts@gmail.com\" target=\"_blank\" rel=\"noopener\">inforeconcepts@gmail.com<\/a>.<\/p>\n<p>En outre, en cas d\u2019atteinte \u00e0 l\u2019un de vos droits, vous pouvez d\u00e9poser plainte aupr\u00e8s de l\u2019Agence espagnole de protection des donn\u00e9es (AEPD), C\/ Jorge Juan, 6, 28001-Madrid, ou via le site web de l\u2019AEPD\u00a0: <a href=\"https:\/\/sedeagpd.gob.es\/sede-electronica-web\/\" target=\"_blank\" rel=\"noopener\">https:\/\/sedeagpd.gob.es\/sede-electronica-web\/<\/a><\/p>\n<h4>INFORMATIONS COMPL\u00c9MENTAIRES<\/h4>\n<p><strong>LIENS VERS DES SITES TIERS<\/strong><br \/>\nCe site web peut contenir des liens vers d\u2019autres sites susceptibles de vous int\u00e9resser. Lorsque vous cliquez sur ces liens et que vous quittez notre site, nous n\u2019avons plus aucun contr\u00f4le sur le site vers lequel vous allez \u00eatre redirig\u00e9. Par cons\u00e9quent, nous ne sommes pas responsables des termes, de la confidentialit\u00e9 ou de la protection de vos donn\u00e9es sur ces sites tiers. Ces sites sont soumis \u00e0 leurs propres politiques de confidentialit\u00e9. Nous vous recommandons donc de les consulter pour confirmer que vous \u00eates d\u2019accord avec celles-ci.<\/p>\n<p><strong>S\u00c9CURIT\u00c9 DES INFORMATIONS COLLECT\u00c9ES<\/strong><br \/>\nREAL ESTATE CONCEPTS s\u2019engage \u00e0 assurer rigoureusement la s\u00e9curit\u00e9 de vos donn\u00e9es. Nous utilisons les syst\u00e8mes les plus avanc\u00e9s et nous les mettons constamment \u00e0 jour afin de nous assurer qu\u2019il n\u2019existe aucun acc\u00e8s non autoris\u00e9.<\/p>\n<p><strong>COOKIES<\/strong><br \/>\nLes cookies sont des fichiers qui peuvent s\u2019installer sur votre appareil via les sites web. Ces outils jouent un r\u00f4le essentiel dans la fourniture de nombreux services de la soci\u00e9t\u00e9 de l\u2019information. Ils permettent notamment \u00e0 un site web de stocker et de r\u00e9cup\u00e9rer des informations sur les habitudes de navigation d\u2019un utilisateur ou de son dispositif et, en fonction des informations obtenues, ils peuvent \u00eatre utilis\u00e9s pour reconna\u00eetre l\u2019utilisateur et am\u00e9liorer le service propos\u00e9.<\/p>\n<p>Notre site web utilise les cookies afin d\u2019identifier les pages visit\u00e9es et la fr\u00e9quence des visites via Google Analytics. Ces informations servent uniquement \u00e0 l\u2019analyse statistique et sont ensuite supprim\u00e9es de mani\u00e8re d\u00e9finitive. Vous pouvez supprimer les cookies \u00e0 tout moment depuis votre ordinateur ou installer un module compl\u00e9mentaire sur votre navigateur pour emp\u00eacher l\u2019utilisation de vos donn\u00e9es par Google Analytics. Plus d\u2019informations sur notre <a href=\"https:\/\/concepts-mallorca.com\/fr\/politique-relative-aux-cookies\" target=\"_blank\" rel=\"noopener\">Politique relative aux cookies<\/a>.<\/p>\n<\/div>\n","protected":false},"excerpt":{"rendered":"<p>Conform\u00e9ment aux dispositions du R\u00e8glement g\u00e9n\u00e9ral sur la protection des donn\u00e9es 2016\/679 (RGPD), la pr\u00e9sente Politique de confidentialit\u00e9 \u00e9tablit les termes dans lesquels REAL ESTATE CONCEPTS S.L. utilise et prot\u00e8ge les informations fournies par ses utilisateurs lors de l\u2019utilisation du site web. Lorsque nous vous demandons des donn\u00e9es \u00e0 caract\u00e8re personnel afin de pouvoir vous [&hellip;]<\/p>\n","protected":false},"author":1,"featured_media":0,"parent":0,"menu_order":0,"comment_status":"closed","ping_status":"closed","template":"","meta":{"footnotes":""},"yoast_head":"<!-- This site is optimized with the Yoast SEO plugin v21.2 - https:\/\/yoast.com\/wordpress\/plugins\/seo\/ -->\n<title>Politique de confidentialit\u00e9 - Real Estate Conceps Mallorca<\/title>\n<meta name=\"robots\" content=\"index, follow, max-snippet:-1, max-image-preview:large, max-video-preview:-1\" \/>\n<link rel=\"canonical\" href=\"https:\/\/concepts-mallorca.com\/fr\/politique-de-confidentialite\" \/>\n<meta property=\"og:locale\" content=\"fr_FR\" \/>\n<meta property=\"og:type\" content=\"article\" \/>\n<meta property=\"og:title\" content=\"Politique de confidentialit\u00e9 - Real Estate Conceps Mallorca\" \/>\n<meta property=\"og:description\" content=\"Conform\u00e9ment aux dispositions du R\u00e8glement g\u00e9n\u00e9ral sur la protection des donn\u00e9es 2016\/679 (RGPD), la pr\u00e9sente Politique de confidentialit\u00e9 \u00e9tablit les termes dans lesquels REAL ESTATE CONCEPTS S.L. utilise et prot\u00e8ge les informations fournies par ses utilisateurs lors de l\u2019utilisation du site web. Lorsque nous vous demandons des donn\u00e9es \u00e0 caract\u00e8re personnel afin de pouvoir vous [&hellip;]\" \/>\n<meta property=\"og:url\" content=\"https:\/\/concepts-mallorca.com\/fr\/politique-de-confidentialite\" \/>\n<meta property=\"og:site_name\" content=\"Real Estate Conceps Mallorca\" \/>\n<meta property=\"og:image\" content=\"https:\/\/concepts-mallorca.com\/wp-content\/uploads\/2023\/05\/logo-real-estate-conceps.png\" \/>\n\t<meta property=\"og:image:width\" content=\"1064\" \/>\n\t<meta property=\"og:image:height\" content=\"485\" \/>\n\t<meta property=\"og:image:type\" content=\"image\/png\" \/>\n<meta name=\"twitter:card\" content=\"summary_large_image\" \/>\n<meta name=\"twitter:label1\" content=\"Dur\u00e9e de lecture estim\u00e9e\" \/>\n\t<meta name=\"twitter:data1\" content=\"6 minutes\" \/>\n<script type=\"application\/ld+json\" class=\"yoast-schema-graph\">{\"@context\":\"https:\/\/schema.org\",\"@graph\":[{\"@type\":\"WebPage\",\"@id\":\"https:\/\/concepts-mallorca.com\/fr\/politique-de-confidentialite\",\"url\":\"https:\/\/concepts-mallorca.com\/fr\/politique-de-confidentialite\",\"name\":\"Politique de confidentialit\u00e9 - Real Estate Conceps Mallorca\",\"isPartOf\":{\"@id\":\"https:\/\/concepts-mallorca.com\/fr#website\"},\"datePublished\":\"2023-06-06T10:33:29+00:00\",\"dateModified\":\"2023-06-06T10:33:29+00:00\",\"breadcrumb\":{\"@id\":\"https:\/\/concepts-mallorca.com\/fr\/politique-de-confidentialite#breadcrumb\"},\"inLanguage\":\"fr-FR\",\"potentialAction\":[{\"@type\":\"ReadAction\",\"target\":[\"https:\/\/concepts-mallorca.com\/fr\/politique-de-confidentialite\"]}]},{\"@type\":\"BreadcrumbList\",\"@id\":\"https:\/\/concepts-mallorca.com\/fr\/politique-de-confidentialite#breadcrumb\",\"itemListElement\":[{\"@type\":\"ListItem\",\"position\":1,\"name\":\"Portada\",\"item\":\"https:\/\/concepts-mallorca.com\/fr\"},{\"@type\":\"ListItem\",\"position\":2,\"name\":\"Politique de confidentialit\u00e9\"}]},{\"@type\":\"WebSite\",\"@id\":\"https:\/\/concepts-mallorca.com\/fr#website\",\"url\":\"https:\/\/concepts-mallorca.com\/fr\",\"name\":\"Real Estate Conceps Mallorca\",\"description\":\"Tu nuevo hogar\",\"publisher\":{\"@id\":\"https:\/\/concepts-mallorca.com\/fr#organization\"},\"potentialAction\":[{\"@type\":\"SearchAction\",\"target\":{\"@type\":\"EntryPoint\",\"urlTemplate\":\"https:\/\/concepts-mallorca.com\/fr?s={search_term_string}\"},\"query-input\":\"required name=search_term_string\"}],\"inLanguage\":\"fr-FR\"},{\"@type\":\"Organization\",\"@id\":\"https:\/\/concepts-mallorca.com\/fr#organization\",\"name\":\"Real Estate Conceps Mallorca\",\"url\":\"https:\/\/concepts-mallorca.com\/fr\",\"logo\":{\"@type\":\"ImageObject\",\"inLanguage\":\"fr-FR\",\"@id\":\"https:\/\/concepts-mallorca.com\/fr#\/schema\/logo\/image\/\",\"url\":\"https:\/\/concepts-mallorca.com\/wp-content\/uploads\/2023\/05\/logo-real-estate-conceps.png\",\"contentUrl\":\"https:\/\/concepts-mallorca.com\/wp-content\/uploads\/2023\/05\/logo-real-estate-conceps.png\",\"width\":1064,\"height\":485,\"caption\":\"Real Estate Conceps Mallorca\"},\"image\":{\"@id\":\"https:\/\/concepts-mallorca.com\/fr#\/schema\/logo\/image\/\"},\"sameAs\":[\"https:\/\/www.instagram.com\/real.estateconcepts\/\"]}]}<\/script>\n<!-- \/ Yoast SEO plugin. -->","yoast_head_json":{"title":"Politique de confidentialit\u00e9 - Real Estate Conceps Mallorca","robots":{"index":"index","follow":"follow","max-snippet":"max-snippet:-1","max-image-preview":"max-image-preview:large","max-video-preview":"max-video-preview:-1"},"canonical":"https:\/\/concepts-mallorca.com\/fr\/politique-de-confidentialite","og_locale":"fr_FR","og_type":"article","og_title":"Politique de confidentialit\u00e9 - Real Estate Conceps Mallorca","og_description":"Conform\u00e9ment aux dispositions du R\u00e8glement g\u00e9n\u00e9ral sur la protection des donn\u00e9es 2016\/679 (RGPD), la pr\u00e9sente Politique de confidentialit\u00e9 \u00e9tablit les termes dans lesquels REAL ESTATE CONCEPTS S.L. utilise et prot\u00e8ge les informations fournies par ses utilisateurs lors de l\u2019utilisation du site web. Lorsque nous vous demandons des donn\u00e9es \u00e0 caract\u00e8re personnel afin de pouvoir vous [&hellip;]","og_url":"https:\/\/concepts-mallorca.com\/fr\/politique-de-confidentialite","og_site_name":"Real Estate Conceps Mallorca","og_image":[{"width":1064,"height":485,"url":"https:\/\/concepts-mallorca.com\/wp-content\/uploads\/2023\/05\/logo-real-estate-conceps.png","type":"image\/png"}],"twitter_card":"summary_large_image","twitter_misc":{"Dur\u00e9e de lecture estim\u00e9e":"6 minutes"},"schema":{"@context":"https:\/\/schema.org","@graph":[{"@type":"WebPage","@id":"https:\/\/concepts-mallorca.com\/fr\/politique-de-confidentialite","url":"https:\/\/concepts-mallorca.com\/fr\/politique-de-confidentialite","name":"Politique de confidentialit\u00e9 - Real Estate Conceps Mallorca","isPartOf":{"@id":"https:\/\/concepts-mallorca.com\/fr#website"},"datePublished":"2023-06-06T10:33:29+00:00","dateModified":"2023-06-06T10:33:29+00:00","breadcrumb":{"@id":"https:\/\/concepts-mallorca.com\/fr\/politique-de-confidentialite#breadcrumb"},"inLanguage":"fr-FR","potentialAction":[{"@type":"ReadAction","target":["https:\/\/concepts-mallorca.com\/fr\/politique-de-confidentialite"]}]},{"@type":"BreadcrumbList","@id":"https:\/\/concepts-mallorca.com\/fr\/politique-de-confidentialite#breadcrumb","itemListElement":[{"@type":"ListItem","position":1,"name":"Portada","item":"https:\/\/concepts-mallorca.com\/fr"},{"@type":"ListItem","position":2,"name":"Politique de confidentialit\u00e9"}]},{"@type":"WebSite","@id":"https:\/\/concepts-mallorca.com\/fr#website","url":"https:\/\/concepts-mallorca.com\/fr","name":"Real Estate Conceps Mallorca","description":"Tu nuevo hogar","publisher":{"@id":"https:\/\/concepts-mallorca.com\/fr#organization"},"potentialAction":[{"@type":"SearchAction","target":{"@type":"EntryPoint","urlTemplate":"https:\/\/concepts-mallorca.com\/fr?s={search_term_string}"},"query-input":"required name=search_term_string"}],"inLanguage":"fr-FR"},{"@type":"Organization","@id":"https:\/\/concepts-mallorca.com\/fr#organization","name":"Real Estate Conceps Mallorca","url":"https:\/\/concepts-mallorca.com\/fr","logo":{"@type":"ImageObject","inLanguage":"fr-FR","@id":"https:\/\/concepts-mallorca.com\/fr#\/schema\/logo\/image\/","url":"https:\/\/concepts-mallorca.com\/wp-content\/uploads\/2023\/05\/logo-real-estate-conceps.png","contentUrl":"https:\/\/concepts-mallorca.com\/wp-content\/uploads\/2023\/05\/logo-real-estate-conceps.png","width":1064,"height":485,"caption":"Real Estate Conceps Mallorca"},"image":{"@id":"https:\/\/concepts-mallorca.com\/fr#\/schema\/logo\/image\/"},"sameAs":["https:\/\/www.instagram.com\/real.estateconcepts\/"]}]}},"_links":{"self":[{"href":"https:\/\/concepts-mallorca.com\/fr\/wp-json\/wp\/v2\/pages\/10763"}],"collection":[{"href":"https:\/\/concepts-mallorca.com\/fr\/wp-json\/wp\/v2\/pages"}],"about":[{"href":"https:\/\/concepts-mallorca.com\/fr\/wp-json\/wp\/v2\/types\/page"}],"author":[{"embeddable":true,"href":"https:\/\/concepts-mallorca.com\/fr\/wp-json\/wp\/v2\/users\/1"}],"replies":[{"embeddable":true,"href":"https:\/\/concepts-mallorca.com\/fr\/wp-json\/wp\/v2\/comments?post=10763"}],"version-history":[{"count":0,"href":"https:\/\/concepts-mallorca.com\/fr\/wp-json\/wp\/v2\/pages\/10763\/revisions"}],"wp:attachment":[{"href":"https:\/\/concepts-mallorca.com\/fr\/wp-json\/wp\/v2\/media?parent=10763"}],"curies":[{"name":"wp","href":"https:\/\/api.w.org\/{rel}","templated":true}]}}