{"id":10847,"date":"2022-12-13T11:23:09","date_gmt":"2022-12-13T10:23:09","guid":{"rendered":"https:\/\/concepts-mallorca.com\/unsere-arbeitsweise"},"modified":"2023-06-28T15:09:49","modified_gmt":"2023-06-28T13:09:49","slug":"unsere-arbeitsweise","status":"publish","type":"page","link":"https:\/\/concepts-mallorca.com\/de\/unsere-arbeitsweise","title":{"rendered":"Unsere Arbeitsweise"},"content":{"rendered":"\t\t<div data-elementor-type=\"wp-page\" data-elementor-id=\"10847\" class=\"elementor elementor-10847 elementor-1982\">\n\t\t\t\t\t\t\t\t\t<section class=\"elementor-section elementor-top-section elementor-element elementor-element-e5ee8d4 elementor-section-full_width elementor-reverse-mobile elementor-section-height-default elementor-section-height-default qodef-elementor-content-no qodef-elementor-column-no\" data-id=\"e5ee8d4\" data-element_type=\"section\">\n\t\t\t\t\t\t<div class=\"elementor-container elementor-column-gap-default\">\n\t\t\t\t\t<div class=\"elementor-column elementor-col-100 elementor-top-column elementor-element elementor-element-fa70e4f\" data-id=\"fa70e4f\" data-element_type=\"column\">\n\t\t\t<div class=\"elementor-widget-wrap elementor-element-populated\">\n\t\t\t\t\t\t\t\t<div class=\"elementor-element elementor-element-9f16d80 elementor-widget elementor-widget-hiroshi_core_section_title\" data-id=\"9f16d80\" data-element_type=\"widget\" data-widget_type=\"hiroshi_core_section_title.default\">\n\t\t\t\t<div class=\"elementor-widget-container\">\n\t\t\t<div class=\"qodef-shortcode qodef-m  qodef-section-title qodef-alignment--left qodef-title-break--disabled\">\n\t\t<h1 class=\"qodef-m-title\" >\n\t\t\t\t\tUnsere Arbeitsweise\t\t\t<\/h1>\n\t<\/div>\n\t\t<\/div>\n\t\t\t\t<\/div>\n\t\t\t\t\t<\/div>\n\t\t<\/div>\n\t\t\t\t\t\t\t<\/div>\n\t\t<\/section>\n\t\t\t\t<section class=\"elementor-section elementor-top-section elementor-element elementor-element-61c68bc elementor-section-full_width elementor-reverse-mobile elementor-section-content-bottom elementor-section-height-default elementor-section-height-default qodef-elementor-content-no qodef-elementor-column-no\" data-id=\"61c68bc\" data-element_type=\"section\">\n\t\t\t\t\t\t<div class=\"elementor-container elementor-column-gap-default\">\n\t\t\t\t\t<div class=\"elementor-column elementor-col-50 elementor-top-column elementor-element elementor-element-6512644f\" data-id=\"6512644f\" data-element_type=\"column\">\n\t\t\t<div class=\"elementor-widget-wrap elementor-element-populated\">\n\t\t\t\t\t\t\t\t<div class=\"elementor-element elementor-element-32fd5ac4 elementor-widget elementor-widget-text-editor\" data-id=\"32fd5ac4\" data-element_type=\"widget\" data-widget_type=\"text-editor.default\">\n\t\t\t\t<div class=\"elementor-widget-container\">\n\t\t\t<style>\/*! elementor - v3.16.0 - 20-09-2023 *\/\n.elementor-widget-text-editor.elementor-drop-cap-view-stacked .elementor-drop-cap{background-color:#69727d;color:#fff}.elementor-widget-text-editor.elementor-drop-cap-view-framed .elementor-drop-cap{color:#69727d;border:3px solid;background-color:transparent}.elementor-widget-text-editor:not(.elementor-drop-cap-view-default) .elementor-drop-cap{margin-top:8px}.elementor-widget-text-editor:not(.elementor-drop-cap-view-default) .elementor-drop-cap-letter{width:1em;height:1em}.elementor-widget-text-editor .elementor-drop-cap{float:left;text-align:center;line-height:1;font-size:50px}.elementor-widget-text-editor .elementor-drop-cap-letter{display:inline-block}<\/style>\t\t\t\t<h4>Engagement f\u00fcr unsere Kunden<\/h4>\n<p>In unseren T\u00e4tigkeitsbereichen Bauvorhaben, Vermittlung und Beratung m\u00f6chten wir \u00fcber uns hinauswachsen und der \u201ePersonal Shopper\u201c unserer Kunden sein.<br \/>Daher geben wir bei allen unseren T\u00e4tigkeiten unser Bestes und vermitteln die erforderliche Ruhe und Transparenz, damit sich unsere Kunden jederzeit gut aufgehoben f\u00fchlen.<\/p>\n\t\t\t\t\t\t<\/div>\n\t\t\t\t<\/div>\n\t\t\t\t<div class=\"elementor-element elementor-element-5cc4c69 qodef--underline elementor-widget elementor-widget-text-editor\" data-id=\"5cc4c69\" data-element_type=\"widget\" data-widget_type=\"text-editor.default\">\n\t\t\t\t<div class=\"elementor-widget-container\">\n\t\t\t\t\t\t\t<h4><a href=\"https:\/\/concepts-mallorca.com\/de\/kontakt\">Wenden Sie sich vertrauensvoll an uns und erfahren Sie mehr \u00fcber unsere Arbeitsweise.<\/a><\/h4>\t\t\t\t\t\t<\/div>\n\t\t\t\t<\/div>\n\t\t\t\t\t<\/div>\n\t\t<\/div>\n\t\t\t\t<div class=\"elementor-column elementor-col-50 elementor-top-column elementor-element elementor-element-639ceb5e\" data-id=\"639ceb5e\" data-element_type=\"column\">\n\t\t\t<div class=\"elementor-widget-wrap elementor-element-populated\">\n\t\t\t\t\t\t\t\t<div class=\"elementor-element elementor-element-188af36e elementor-widget elementor-widget-hiroshi_core_single_image\" data-id=\"188af36e\" data-element_type=\"widget\" data-widget_type=\"hiroshi_core_single_image.default\">\n\t\t\t\t<div class=\"elementor-widget-container\">\n\t\t\t<div class=\"qodef-shortcode qodef-m grayscale qodef-single-image qodef-layout--default   \">\n\t\t\t<div class=\"qodef-m-image\">\n\t\t\t\t\t\t\t\t<img loading=\"lazy\" width=\"1089\" height=\"726\" src=\"https:\/\/concepts-mallorca.com\/wp-content\/uploads\/2023\/05\/compromiso-cliente.jpg\" class=\"attachment-full size-full\" alt=\"\" decoding=\"async\" srcset=\"https:\/\/concepts-mallorca.com\/wp-content\/uploads\/2023\/05\/compromiso-cliente.jpg 1089w, https:\/\/concepts-mallorca.com\/wp-content\/uploads\/2023\/05\/compromiso-cliente-300x200.jpg 300w, https:\/\/concepts-mallorca.com\/wp-content\/uploads\/2023\/05\/compromiso-cliente-1024x683.jpg 1024w, https:\/\/concepts-mallorca.com\/wp-content\/uploads\/2023\/05\/compromiso-cliente-768x512.jpg 768w\" sizes=\"(max-width: 1089px) 100vw, 1089px\" \/>\t\t\t\t\t\t\t<\/div>\n\t<\/div>\n\t\t<\/div>\n\t\t\t\t<\/div>\n\t\t\t\t\t<\/div>\n\t\t<\/div>\n\t\t\t\t\t\t\t<\/div>\n\t\t<\/section>\n\t\t\t\t<section class=\"elementor-section elementor-top-section elementor-element elementor-element-19a28769 elementor-section-full_width elementor-section-height-default elementor-section-height-default qodef-elementor-content-no qodef-elementor-column-no\" data-id=\"19a28769\" data-element_type=\"section\">\n\t\t\t\t\t\t<div class=\"elementor-container elementor-column-gap-default\">\n\t\t\t\t\t<div class=\"elementor-column elementor-col-50 elementor-top-column elementor-element elementor-element-3014d411\" data-id=\"3014d411\" data-element_type=\"column\">\n\t\t\t<div class=\"elementor-widget-wrap elementor-element-populated\">\n\t\t\t\t\t\t\t\t<div class=\"elementor-element elementor-element-31cd24d5 elementor-widget__width-auto elementor-widget elementor-widget-hiroshi_core_single_image\" data-id=\"31cd24d5\" data-element_type=\"widget\" data-widget_type=\"hiroshi_core_single_image.default\">\n\t\t\t\t<div class=\"elementor-widget-container\">\n\t\t\t<div class=\"qodef-shortcode qodef-m grayscale qodef-single-image qodef-layout--default   \">\n\t\t\t<div class=\"qodef-m-image\">\n\t\t\t\t\t\t\t\t<img loading=\"lazy\" width=\"315\" height=\"726\" src=\"https:\/\/concepts-mallorca.com\/wp-content\/uploads\/2023\/05\/casa-como-trabajamos.jpg\" class=\"attachment-full size-full\" alt=\"\" decoding=\"async\" srcset=\"https:\/\/concepts-mallorca.com\/wp-content\/uploads\/2023\/05\/casa-como-trabajamos.jpg 315w, https:\/\/concepts-mallorca.com\/wp-content\/uploads\/2023\/05\/casa-como-trabajamos-130x300.jpg 130w\" sizes=\"(max-width: 315px) 100vw, 315px\" \/>\t\t\t\t\t\t\t<\/div>\n\t<\/div>\n\t\t<\/div>\n\t\t\t\t<\/div>\n\t\t\t\t<div class=\"elementor-element elementor-element-1b37aaa7 elementor-widget__width-auto elementor-widget elementor-widget-hiroshi_core_single_image\" data-id=\"1b37aaa7\" data-element_type=\"widget\" data-widget_type=\"hiroshi_core_single_image.default\">\n\t\t\t\t<div class=\"elementor-widget-container\">\n\t\t\t<div class=\"qodef-shortcode qodef-m grayscale qodef-single-image qodef-layout--default   \">\n\t\t\t<div class=\"qodef-m-image\">\n\t\t\t\t\t\t\t\t<img loading=\"lazy\" width=\"527\" height=\"726\" src=\"https:\/\/concepts-mallorca.com\/wp-content\/uploads\/2023\/05\/plano-asesoramiento.jpg\" class=\"attachment-full size-full\" alt=\"\" decoding=\"async\" srcset=\"https:\/\/concepts-mallorca.com\/wp-content\/uploads\/2023\/05\/plano-asesoramiento.jpg 527w, https:\/\/concepts-mallorca.com\/wp-content\/uploads\/2023\/05\/plano-asesoramiento-218x300.jpg 218w\" sizes=\"(max-width: 527px) 100vw, 527px\" \/>\t\t\t\t\t\t\t<\/div>\n\t<\/div>\n\t\t<\/div>\n\t\t\t\t<\/div>\n\t\t\t\t\t<\/div>\n\t\t<\/div>\n\t\t\t\t<div class=\"elementor-column elementor-col-50 elementor-top-column elementor-element elementor-element-62875f76\" data-id=\"62875f76\" data-element_type=\"column\">\n\t\t\t<div class=\"elementor-widget-wrap elementor-element-populated\">\n\t\t\t\t\t\t\t\t<div class=\"elementor-element elementor-element-3f097e8b elementor-widget elementor-widget-text-editor\" data-id=\"3f097e8b\" data-element_type=\"widget\" data-widget_type=\"text-editor.default\">\n\t\t\t\t<div class=\"elementor-widget-container\">\n\t\t\t\t\t\t\t<h4>Professionelles Auftreten und Sicherheit<\/h4>\n<p>Uns ist bewusst, dass gr\u00f6\u00dfere Investitionen zu Unsicherheit f\u00fchren k\u00f6nnen.\u00a0<\/p>\n<p>Um Ihr Vertrauen zu gewinnen und damit Sie sich sicher f\u00fchlen, setzen wir Sie mit den jeweiligen Branchenkennern \u2013 Architekten und Immobilienanw\u00e4lten \u2013 in Verbindung, die alle Ihre Fragen kl\u00e4ren.\u00a0<\/p>\n<p><span style=\"color: var( --e-global-color-text ); font-family: var( --e-global-typography-text-font-family ), Sans-serif; font-weight: var( --e-global-typography-text-font-weight );\">Alle unsere Wohnungen erf\u00fcllen die St\u00e4dtebauvorschriften des jeweiligen Gebiets. Wir freuen uns darauf, Sie beim Bau Ihres neuen Zuhauses in dieser besonders beg\u00fcnstigten Region Mallorcas zu betreuen und zu beraten.<\/span><\/p>\n\t\t\t\t\t\t<\/div>\n\t\t\t\t<\/div>\n\t\t\t\t<div class=\"elementor-element elementor-element-4dcdaa45 qodef--underline elementor-widget elementor-widget-text-editor\" data-id=\"4dcdaa45\" data-element_type=\"widget\" data-widget_type=\"text-editor.default\">\n\t\t\t\t<div class=\"elementor-widget-container\">\n\t\t\t\t\t\t\t<h4>Erhalten Sie von Architekten und anderen Fachleuten Antwort auf Ihre Fragen<\/h4>\n\t\t\t\t\t\t<\/div>\n\t\t\t\t<\/div>\n\t\t\t\t\t<\/div>\n\t\t<\/div>\n\t\t\t\t\t\t\t<\/div>\n\t\t<\/section>\n\t\t\t\t\t\t\t<\/div>\n\t\t","protected":false},"excerpt":{"rendered":"<p>Unsere Arbeitsweise Engagement f\u00fcr unsere Kunden In unseren T\u00e4tigkeitsbereichen Bauvorhaben, Vermittlung und Beratung m\u00f6chten wir \u00fcber uns hinauswachsen und der \u201ePersonal Shopper\u201c unserer Kunden sein.Daher geben wir bei allen unseren T\u00e4tigkeiten unser Bestes und vermitteln die erforderliche Ruhe und Transparenz, damit sich unsere Kunden jederzeit gut aufgehoben f\u00fchlen. Wenden Sie sich vertrauensvoll an uns und [&hellip;]<\/p>\n","protected":false},"author":1,"featured_media":0,"parent":0,"menu_order":0,"comment_status":"closed","ping_status":"closed","template":"page-full-width.php","meta":{"footnotes":""},"yoast_head":"<!-- This site is optimized with the Yoast SEO plugin v21.2 - https:\/\/yoast.com\/wordpress\/plugins\/seo\/ -->\n<title>Unsere Arbeitsweise - Real Estate Conceps Mallorca<\/title>\n<meta name=\"robots\" content=\"index, follow, max-snippet:-1, max-image-preview:large, max-video-preview:-1\" \/>\n<link rel=\"canonical\" href=\"https:\/\/concepts-mallorca.com\/de\/unsere-arbeitsweise\" \/>\n<meta property=\"og:locale\" content=\"de_DE\" \/>\n<meta property=\"og:type\" content=\"article\" \/>\n<meta property=\"og:title\" content=\"Unsere Arbeitsweise - Real Estate Conceps Mallorca\" \/>\n<meta property=\"og:description\" content=\"Unsere Arbeitsweise Engagement f\u00fcr unsere Kunden In unseren T\u00e4tigkeitsbereichen Bauvorhaben, Vermittlung und Beratung m\u00f6chten wir \u00fcber uns hinauswachsen und der \u201ePersonal Shopper\u201c unserer Kunden sein.Daher geben wir bei allen unseren T\u00e4tigkeiten unser Bestes und vermitteln die erforderliche Ruhe und Transparenz, damit sich unsere Kunden jederzeit gut aufgehoben f\u00fchlen. Wenden Sie sich vertrauensvoll an uns und [&hellip;]\" \/>\n<meta property=\"og:url\" content=\"https:\/\/concepts-mallorca.com\/de\/unsere-arbeitsweise\" \/>\n<meta property=\"og:site_name\" content=\"Real Estate Conceps Mallorca\" \/>\n<meta property=\"article:modified_time\" content=\"2023-06-28T13:09:49+00:00\" \/>\n<meta property=\"og:image\" content=\"https:\/\/concepts-mallorca.com\/wp-content\/uploads\/2023\/05\/compromiso-cliente.jpg\" \/>\n<meta name=\"twitter:card\" content=\"summary_large_image\" \/>\n<meta name=\"twitter:label1\" content=\"Gesch\u00e4tzte Lesezeit\" \/>\n\t<meta name=\"twitter:data1\" content=\"2 Minuten\" \/>\n<script type=\"application\/ld+json\" class=\"yoast-schema-graph\">{\"@context\":\"https:\/\/schema.org\",\"@graph\":[{\"@type\":\"WebPage\",\"@id\":\"https:\/\/concepts-mallorca.com\/de\/unsere-arbeitsweise\",\"url\":\"https:\/\/concepts-mallorca.com\/de\/unsere-arbeitsweise\",\"name\":\"Unsere Arbeitsweise - Real Estate Conceps Mallorca\",\"isPartOf\":{\"@id\":\"https:\/\/concepts-mallorca.com\/de#website\"},\"datePublished\":\"2022-12-13T10:23:09+00:00\",\"dateModified\":\"2023-06-28T13:09:49+00:00\",\"breadcrumb\":{\"@id\":\"https:\/\/concepts-mallorca.com\/de\/unsere-arbeitsweise#breadcrumb\"},\"inLanguage\":\"de-DE\",\"potentialAction\":[{\"@type\":\"ReadAction\",\"target\":[\"https:\/\/concepts-mallorca.com\/de\/unsere-arbeitsweise\"]}]},{\"@type\":\"BreadcrumbList\",\"@id\":\"https:\/\/concepts-mallorca.com\/de\/unsere-arbeitsweise#breadcrumb\",\"itemListElement\":[{\"@type\":\"ListItem\",\"position\":1,\"name\":\"Portada\",\"item\":\"https:\/\/concepts-mallorca.com\/de\"},{\"@type\":\"ListItem\",\"position\":2,\"name\":\"Unsere Arbeitsweise\"}]},{\"@type\":\"WebSite\",\"@id\":\"https:\/\/concepts-mallorca.com\/de#website\",\"url\":\"https:\/\/concepts-mallorca.com\/de\",\"name\":\"Real Estate Conceps Mallorca\",\"description\":\"Tu nuevo hogar\",\"publisher\":{\"@id\":\"https:\/\/concepts-mallorca.com\/de#organization\"},\"potentialAction\":[{\"@type\":\"SearchAction\",\"target\":{\"@type\":\"EntryPoint\",\"urlTemplate\":\"https:\/\/concepts-mallorca.com\/de?s={search_term_string}\"},\"query-input\":\"required name=search_term_string\"}],\"inLanguage\":\"de-DE\"},{\"@type\":\"Organization\",\"@id\":\"https:\/\/concepts-mallorca.com\/de#organization\",\"name\":\"Real Estate Conceps Mallorca\",\"url\":\"https:\/\/concepts-mallorca.com\/de\",\"logo\":{\"@type\":\"ImageObject\",\"inLanguage\":\"de-DE\",\"@id\":\"https:\/\/concepts-mallorca.com\/de#\/schema\/logo\/image\/\",\"url\":\"https:\/\/concepts-mallorca.com\/wp-content\/uploads\/2023\/05\/logo-real-estate-conceps.png\",\"contentUrl\":\"https:\/\/concepts-mallorca.com\/wp-content\/uploads\/2023\/05\/logo-real-estate-conceps.png\",\"width\":1064,\"height\":485,\"caption\":\"Real Estate Conceps Mallorca\"},\"image\":{\"@id\":\"https:\/\/concepts-mallorca.com\/de#\/schema\/logo\/image\/\"},\"sameAs\":[\"https:\/\/www.instagram.com\/real.estateconcepts\/\"]}]}<\/script>\n<!-- \/ Yoast SEO plugin. -->","yoast_head_json":{"title":"Unsere Arbeitsweise - Real Estate Conceps Mallorca","robots":{"index":"index","follow":"follow","max-snippet":"max-snippet:-1","max-image-preview":"max-image-preview:large","max-video-preview":"max-video-preview:-1"},"canonical":"https:\/\/concepts-mallorca.com\/de\/unsere-arbeitsweise","og_locale":"de_DE","og_type":"article","og_title":"Unsere Arbeitsweise - Real Estate Conceps Mallorca","og_description":"Unsere Arbeitsweise Engagement f\u00fcr unsere Kunden In unseren T\u00e4tigkeitsbereichen Bauvorhaben, Vermittlung und Beratung m\u00f6chten wir \u00fcber uns hinauswachsen und der \u201ePersonal Shopper\u201c unserer Kunden sein.Daher geben wir bei allen unseren T\u00e4tigkeiten unser Bestes und vermitteln die erforderliche Ruhe und Transparenz, damit sich unsere Kunden jederzeit gut aufgehoben f\u00fchlen. Wenden Sie sich vertrauensvoll an uns und [&hellip;]","og_url":"https:\/\/concepts-mallorca.com\/de\/unsere-arbeitsweise","og_site_name":"Real Estate Conceps Mallorca","article_modified_time":"2023-06-28T13:09:49+00:00","og_image":[{"url":"https:\/\/concepts-mallorca.com\/wp-content\/uploads\/2023\/05\/compromiso-cliente.jpg"}],"twitter_card":"summary_large_image","twitter_misc":{"Gesch\u00e4tzte Lesezeit":"2 Minuten"},"schema":{"@context":"https:\/\/schema.org","@graph":[{"@type":"WebPage","@id":"https:\/\/concepts-mallorca.com\/de\/unsere-arbeitsweise","url":"https:\/\/concepts-mallorca.com\/de\/unsere-arbeitsweise","name":"Unsere Arbeitsweise - Real Estate Conceps Mallorca","isPartOf":{"@id":"https:\/\/concepts-mallorca.com\/de#website"},"datePublished":"2022-12-13T10:23:09+00:00","dateModified":"2023-06-28T13:09:49+00:00","breadcrumb":{"@id":"https:\/\/concepts-mallorca.com\/de\/unsere-arbeitsweise#breadcrumb"},"inLanguage":"de-DE","potentialAction":[{"@type":"ReadAction","target":["https:\/\/concepts-mallorca.com\/de\/unsere-arbeitsweise"]}]},{"@type":"BreadcrumbList","@id":"https:\/\/concepts-mallorca.com\/de\/unsere-arbeitsweise#breadcrumb","itemListElement":[{"@type":"ListItem","position":1,"name":"Portada","item":"https:\/\/concepts-mallorca.com\/de"},{"@type":"ListItem","position":2,"name":"Unsere Arbeitsweise"}]},{"@type":"WebSite","@id":"https:\/\/concepts-mallorca.com\/de#website","url":"https:\/\/concepts-mallorca.com\/de","name":"Real Estate Conceps Mallorca","description":"Tu nuevo hogar","publisher":{"@id":"https:\/\/concepts-mallorca.com\/de#organization"},"potentialAction":[{"@type":"SearchAction","target":{"@type":"EntryPoint","urlTemplate":"https:\/\/concepts-mallorca.com\/de?s={search_term_string}"},"query-input":"required name=search_term_string"}],"inLanguage":"de-DE"},{"@type":"Organization","@id":"https:\/\/concepts-mallorca.com\/de#organization","name":"Real Estate Conceps Mallorca","url":"https:\/\/concepts-mallorca.com\/de","logo":{"@type":"ImageObject","inLanguage":"de-DE","@id":"https:\/\/concepts-mallorca.com\/de#\/schema\/logo\/image\/","url":"https:\/\/concepts-mallorca.com\/wp-content\/uploads\/2023\/05\/logo-real-estate-conceps.png","contentUrl":"https:\/\/concepts-mallorca.com\/wp-content\/uploads\/2023\/05\/logo-real-estate-conceps.png","width":1064,"height":485,"caption":"Real Estate Conceps Mallorca"},"image":{"@id":"https:\/\/concepts-mallorca.com\/de#\/schema\/logo\/image\/"},"sameAs":["https:\/\/www.instagram.com\/real.estateconcepts\/"]}]}},"_links":{"self":[{"href":"https:\/\/concepts-mallorca.com\/de\/wp-json\/wp\/v2\/pages\/10847"}],"collection":[{"href":"https:\/\/concepts-mallorca.com\/de\/wp-json\/wp\/v2\/pages"}],"about":[{"href":"https:\/\/concepts-mallorca.com\/de\/wp-json\/wp\/v2\/types\/page"}],"author":[{"embeddable":true,"href":"https:\/\/concepts-mallorca.com\/de\/wp-json\/wp\/v2\/users\/1"}],"replies":[{"embeddable":true,"href":"https:\/\/concepts-mallorca.com\/de\/wp-json\/wp\/v2\/comments?post=10847"}],"version-history":[{"count":8,"href":"https:\/\/concepts-mallorca.com\/de\/wp-json\/wp\/v2\/pages\/10847\/revisions"}],"predecessor-version":[{"id":11006,"href":"https:\/\/concepts-mallorca.com\/de\/wp-json\/wp\/v2\/pages\/10847\/revisions\/11006"}],"wp:attachment":[{"href":"https:\/\/concepts-mallorca.com\/de\/wp-json\/wp\/v2\/media?parent=10847"}],"curies":[{"name":"wp","href":"https:\/\/api.w.org\/{rel}","templated":true}]}}