{"id":10834,"date":"2023-06-06T12:33:29","date_gmt":"2023-06-06T10:33:29","guid":{"rendered":"https:\/\/concepts-mallorca.com\/datenschutzerklaerung"},"modified":"2023-06-06T12:33:29","modified_gmt":"2023-06-06T10:33:29","slug":"datenschutzerklaerung","status":"publish","type":"page","link":"https:\/\/concepts-mallorca.com\/de\/datenschutzerklaerung","title":{"rendered":"Datenschutzerkl\u00e4rung"},"content":{"rendered":"<div class=\"page-title\">\n<p>Ausgehend von den Bestimmungen der Datenschutz-Grundverordnung 2016\/679 (DSGVO) legt vorliegende Datenschutzerkl\u00e4rung fest, wie REAL ESTATE CONCEPTS S.L. die von den Benutzern beim Aufruf der Website \u00fcbermittelten Daten verwendet und sch\u00fctzt. Wenn wir Sie nach personenbezogenen Daten fragen, mit denen Sie identifiziert werden k\u00f6nnen, stellen wir sicher, dass diese Daten nur im Einklang mit den Bestimmungen dieses Dokuments verwendet werden. Diese Datenschutzerkl\u00e4rung kann allerdings jederzeit ge\u00e4ndert oder aktualisiert werden, weshalb wir Ihnen empfehlen, diese Seite regelm\u00e4\u00dfig aufzurufen und sich zu vergewissern, dass Sie mit den jeweiligen \u00c4nderungen einverstanden sind.<\/p>\n<h4>VERANTWORTLICHER<\/h4>\n<p><strong>FIRMENANGABEN<\/strong><br \/>\nREAL ESTATE CONCEPTS S.L.<br \/>\nUST-IDNR.:B44689065<\/p>\n<p>Anschrift: CRTA. DE CAMPOS A LA COLONIA DE SANT JORDI KM 7,1 07630 CAMPOS ILLES BALEARS<\/p>\n<p>Telefon: 609 16 19 54<br \/>\nE-Mail: <a href=\"mailto:inforeconcepts@gmail.com\" target=\"_blank\" rel=\"noopener\">inforeconcepts@gmail.com<\/a><\/p>\n<\/div>\n<p>&nbsp;<\/p>\n<div><span style=\"font-family: 'DM Sans', sans-serif; font-size: 22px;\">ZWECK<\/span><\/div>\n<div class=\"page-title\">\n<p>Auf unserer Website k\u00f6nnen personenbezogene Daten erhoben werden, wie zum Beispiel: Name, Kontaktangaben wie Ihre E-Mail-Adresse oder andere personenbezogene Daten.<\/p>\n<p>REAL ESTATE CONCEPTS erhebt Daten lediglich zu folgenden Zwecken:<\/p>\n<ul>\n<li>Bei der Beauftragung von \u00fcber die Website angebotenen Dienstleistungen zur Aufrechterhaltung des Vertragsverh\u00e4ltnisses sowie zur Verwaltung, Information, Bereitstellung und Verbesserung der Dienstleistung.<\/li>\n<li>Zusendung von Ausk\u00fcnften, die \u00fcber die auf der Website befindlichen Formulare angefragt wurden.<\/li>\n<li>Zusendung von Newsletters, Angeboten und\/oder Werbung der Website.<\/li>\n<\/ul>\n<p>Sie k\u00f6nnen der Zusendung von Werbenachrichten jederzeit widersprechen. Senden Sie dazu eine E-Mail an <a href=\"mailto:inforeconcepts@gmail.com\" target=\"_blank\" rel=\"noopener\">inforeconcepts@gmail.com<\/a>.<\/p>\n<h4>RECHTM\u00c4SSIGKEIT<\/h4>\n<p>Die Verarbeitung Ihrer Daten geschieht auf nachstehenden Rechtsgrundlagen, durch die die Verarbeitung rechtm\u00e4\u00dfig ist:<\/p>\n<ul>\n<li>Informationsanfrage zu den und\/oder Beauftragung der Dienstleistungen von REAL ESTATE CONCEPTS, deren Bedingungen Ihnen in jedem Fall vor einem eventuellen Vertragsabschluss zur Verf\u00fcgung gestellt werden.<\/li>\n<li>Freiwillige, spezifische, eindeutige Einwilligung, nachdem wir Sie durch Bereitstellung vorliegender Datenschutzerkl\u00e4rung informiert haben, die Sie nach deren Lekt\u00fcre und bei Einverst\u00e4ndnis durch eine Erkl\u00e4rung oder eine deutliche zustimmende Handlung, wie das Anklicken eines daf\u00fcr vorgesehenen Auswahlk\u00e4stchens, annehmen k\u00f6nnen.<\/li>\n<\/ul>\n<p>Falls Sie uns Ihre Daten nicht oder aber falsch oder unvollst\u00e4ndig \u00fcbermitteln, k\u00f6nnen wir Ihre Anfrage nicht beantworten und Ihnen somit die gew\u00fcnschten Informationen nicht zur Verf\u00fcgung stellen oder die Beauftragung der Dienstleistungen nicht vornehmen.<\/p>\n<h4>DAUER DER DATENSPEICHERUNG<\/h4>\n<p>Die zur Verf\u00fcgung gestellten Daten werden so lange gespeichert wie zur Aufrechterhaltung der Gesch\u00e4ftsbeziehung oder zur Erf\u00fcllung gesetzlicher Pflichten erforderlich oder bis sie f\u00fcr den Zweck, f\u00fcr den sie erhoben oder aufgezeichnet wurden, nicht mehr erforderlich oder relevant sind oder bis die Einstellung der T\u00e4tigkeit beantragt wird.<\/p>\n<h4>EMPF\u00c4NGER<\/h4>\n<p>Die ohne Ihre Zustimmung erfassten personenbezogenen Daten werden von REAL ESTATE CONCEPTS weder verkauft noch \u00fcberlassen oder weitergegeben, es sei denn auf gerichtliche Anforderung mit entsprechendem Gerichtsentscheid.<\/p>\n<h4>RECHTE<\/h4>\n<p>Als betroffene Person, die uns ihre personenbezogenen Daten \u00fcbermittelt hat, sind Sie berechtigt, eine Best\u00e4tigung dar\u00fcber zu erhalten, ob REAL ESTATE CONCEPTS Ihre personenbezogenen Daten verarbeitet, und konkret stehen Ihnen folgende von der Datenschutzverordnung einger\u00e4umten und dort geregelten Rechte zu:<\/p>\n<p>Recht auf AUSKUNFT \u00fcber Ihre personenbezogenen Daten.<br \/>\nRecht auf BERICHTIGUNG unrichtiger Daten.<br \/>\nRecht, die L\u00d6SCHUNG der Daten zu beantragen, unter anderem, wenn diese f\u00fcr die Zwecke, f\u00fcr die sie erhoben wurden, nicht mehr erforderlich sind.<br \/>\nUnter bestimmten Umst\u00e4nden k\u00f6nnen Sie die EINSCHR\u00c4NKUNG DER VERARBEITUNG Ihrer Daten verlangen. In diesem Fall bewahren wir die Daten nur zur Wahrnehmung oder Abwehr von Rechtsanspr\u00fcchen auf.<br \/>\nUnter bestimmten Umst\u00e4nden k\u00f6nnen die Betroffenen aus privaten Gr\u00fcnden WIDERSPRUCH gegen die Verarbeitung ihrer Daten erheben. Wir werden dann die Verarbeitung der Daten einstellen, au\u00dfer bei Vorliegen zwingender berechtigter Gr\u00fcnde oder f\u00fcr die Wahrnehmung oder Abwehr eventueller Rechtsanspr\u00fcche.<br \/>\nUnter bestimmten Umst\u00e4nden k\u00f6nnen Sie aus privaten Gr\u00fcnden Ihr Recht auf \u00dcBERTRAGBARKEIT der Daten wahrnehmen.<br \/>\nSie k\u00f6nnen die Erfassung oder Verwendung der unserer Website \u00fcbermittelten personenbezogenen Daten jederzeit einschr\u00e4nken. Zur Wahrnehmung Ihrer Rechte k\u00f6nnen Sie sich telefonisch unter der Nummer 640868775 oder per E-Mail (<a href=\"mailto:inforeconcepts@gmail.com\" target=\"_blank\" rel=\"noopener\">inforeconcepts@gmail.com<\/a>) an uns wenden.<\/p>\n<p>Bei einem Versto\u00df gegen Ihre Rechte k\u00f6nnen Sie au\u00dferdem eine Beschwerde bei der Spanischen Datenschutzbeh\u00f6rde AEPD an der Anschrift C\/ Jorge Juan, 6, 28001-Madrid oder \u00fcber die Onlineplattform der AEPD unter <a href=\"https:\/\/sedeagpd.gob.es\/sede-electronica-web\/\" target=\"_blank\" rel=\"noopener\">https:\/\/sedeagpd.gob.es\/sede-electronica-web\/<\/a> einreichen.<\/p>\n<h4>ZUS\u00c4TZLICHE ANGABEN<\/h4>\n<p><strong>LINKS ZU DRITTANBIETERN<\/strong><br \/>\nDiese Website kann Links zu anderen Websites enthalten, die f\u00fcr Sie interessant sein k\u00f6nnen. Sobald Sie diese Links anklicken und unsere Seite verlassen, \u00fcben wir keine Kontrolle mehr \u00fcber die Websites aus, auf die Sie weitergeleitet werden. Daher haften wir nicht f\u00fcr die Bedingungen oder den Schutz Ihrer Daten auf diesen Drittwebsites. Die betreffenden Websites unterstehen ihren eigenen Datenschutzrichtlinien, und es ist zu empfehlen, dass Sie diese einsehen und best\u00e4tigen, dass Sie mit den jeweiligen Bedingungen einverstanden sind.<\/p>\n<p><strong>SICHERHEIT DER ERFASSTEN DATEN<\/strong><br \/>\nREAL ESTATE CONCEPTS ergreift alle erforderlichen Ma\u00dfnahmen, um die Sicherheit Ihrer Daten zu wahren. Wir verwenden die fortschrittlichsten Systeme und aktualisieren diese laufend, um sicherzustellen, dass kein unbefugter Zugriff m\u00f6glich ist.<\/p>\n<p><strong>COOKIES<\/strong><br \/>\nCookies sind Dateien, die beim Aufruf von Webseiten auf Ihrem Endger\u00e4t gespeichert werden. Sie spielen f\u00fcr zahlreiche Dienstleistungen der Informationsgesellschaft eine wesentliche Rolle. Cookies erm\u00f6glichen einer Website unter anderem, Informationen \u00fcber die Surfgewohnheiten eines Benutzers oder \u00fcber sein Endger\u00e4t zu speichern und abzurufen, und je nach der erhaltenen Information k\u00f6nnen sie verwendet werden, um einen Benutzer wiederzuerkennen und die angebotene Leistung zu verbessern.<\/p>\n<p>Unsere Website verwendet Cookies, um mit Hilfe von Google Analytics festzustellen, welche Seiten aufgerufen werden und mit welcher H\u00e4ufigkeit. Diese Daten werden lediglich f\u00fcr statistische Auswertungen verwendet und danach endg\u00fcltig gel\u00f6scht. Sie k\u00f6nnen Cookies jederzeit von Ihrem Computer l\u00f6schen oder eine Erweiterung in Ihrem Browser installieren, um zu verhindern, dass Ihre Daten von Google Analytics verwendet werden. Weitere Informationen \u00fcber unsere <a href=\"https:\/\/concepts-mallorca.com\/de\/cookies-richtlinie\" target=\"_blank\" rel=\"noopener\">Cookies-Richtlinie<\/a>.<\/p>\n<\/div>\n","protected":false},"excerpt":{"rendered":"<p>Ausgehend von den Bestimmungen der Datenschutz-Grundverordnung 2016\/679 (DSGVO) legt vorliegende Datenschutzerkl\u00e4rung fest, wie REAL ESTATE CONCEPTS S.L. die von den Benutzern beim Aufruf der Website \u00fcbermittelten Daten verwendet und sch\u00fctzt. Wenn wir Sie nach personenbezogenen Daten fragen, mit denen Sie identifiziert werden k\u00f6nnen, stellen wir sicher, dass diese Daten nur im Einklang mit den Bestimmungen [&hellip;]<\/p>\n","protected":false},"author":1,"featured_media":0,"parent":0,"menu_order":0,"comment_status":"closed","ping_status":"closed","template":"","meta":{"footnotes":""},"yoast_head":"<!-- This site is optimized with the Yoast SEO plugin v21.2 - https:\/\/yoast.com\/wordpress\/plugins\/seo\/ -->\n<title>Datenschutzerkl\u00e4rung - Real Estate Conceps Mallorca<\/title>\n<meta name=\"robots\" content=\"index, follow, max-snippet:-1, max-image-preview:large, max-video-preview:-1\" \/>\n<link rel=\"canonical\" href=\"https:\/\/concepts-mallorca.com\/de\/datenschutzerklaerung\" \/>\n<meta property=\"og:locale\" content=\"de_DE\" \/>\n<meta property=\"og:type\" content=\"article\" \/>\n<meta property=\"og:title\" content=\"Datenschutzerkl\u00e4rung - Real Estate Conceps Mallorca\" \/>\n<meta property=\"og:description\" content=\"Ausgehend von den Bestimmungen der Datenschutz-Grundverordnung 2016\/679 (DSGVO) legt vorliegende Datenschutzerkl\u00e4rung fest, wie REAL ESTATE CONCEPTS S.L. die von den Benutzern beim Aufruf der Website \u00fcbermittelten Daten verwendet und sch\u00fctzt. Wenn wir Sie nach personenbezogenen Daten fragen, mit denen Sie identifiziert werden k\u00f6nnen, stellen wir sicher, dass diese Daten nur im Einklang mit den Bestimmungen [&hellip;]\" \/>\n<meta property=\"og:url\" content=\"https:\/\/concepts-mallorca.com\/de\/datenschutzerklaerung\" \/>\n<meta property=\"og:site_name\" content=\"Real Estate Conceps Mallorca\" \/>\n<meta property=\"og:image\" content=\"https:\/\/concepts-mallorca.com\/wp-content\/uploads\/2023\/05\/logo-real-estate-conceps.png\" \/>\n\t<meta property=\"og:image:width\" content=\"1064\" \/>\n\t<meta property=\"og:image:height\" content=\"485\" \/>\n\t<meta property=\"og:image:type\" content=\"image\/png\" \/>\n<meta name=\"twitter:card\" content=\"summary_large_image\" \/>\n<meta name=\"twitter:label1\" content=\"Gesch\u00e4tzte Lesezeit\" \/>\n\t<meta name=\"twitter:data1\" content=\"5 Minuten\" \/>\n<script type=\"application\/ld+json\" class=\"yoast-schema-graph\">{\"@context\":\"https:\/\/schema.org\",\"@graph\":[{\"@type\":\"WebPage\",\"@id\":\"https:\/\/concepts-mallorca.com\/de\/datenschutzerklaerung\",\"url\":\"https:\/\/concepts-mallorca.com\/de\/datenschutzerklaerung\",\"name\":\"Datenschutzerkl\u00e4rung - Real Estate Conceps Mallorca\",\"isPartOf\":{\"@id\":\"https:\/\/concepts-mallorca.com\/de#website\"},\"datePublished\":\"2023-06-06T10:33:29+00:00\",\"dateModified\":\"2023-06-06T10:33:29+00:00\",\"breadcrumb\":{\"@id\":\"https:\/\/concepts-mallorca.com\/de\/datenschutzerklaerung#breadcrumb\"},\"inLanguage\":\"de-DE\",\"potentialAction\":[{\"@type\":\"ReadAction\",\"target\":[\"https:\/\/concepts-mallorca.com\/de\/datenschutzerklaerung\"]}]},{\"@type\":\"BreadcrumbList\",\"@id\":\"https:\/\/concepts-mallorca.com\/de\/datenschutzerklaerung#breadcrumb\",\"itemListElement\":[{\"@type\":\"ListItem\",\"position\":1,\"name\":\"Portada\",\"item\":\"https:\/\/concepts-mallorca.com\/de\"},{\"@type\":\"ListItem\",\"position\":2,\"name\":\"Datenschutzerkl\u00e4rung\"}]},{\"@type\":\"WebSite\",\"@id\":\"https:\/\/concepts-mallorca.com\/de#website\",\"url\":\"https:\/\/concepts-mallorca.com\/de\",\"name\":\"Real Estate Conceps Mallorca\",\"description\":\"Tu nuevo hogar\",\"publisher\":{\"@id\":\"https:\/\/concepts-mallorca.com\/de#organization\"},\"potentialAction\":[{\"@type\":\"SearchAction\",\"target\":{\"@type\":\"EntryPoint\",\"urlTemplate\":\"https:\/\/concepts-mallorca.com\/de?s={search_term_string}\"},\"query-input\":\"required name=search_term_string\"}],\"inLanguage\":\"de-DE\"},{\"@type\":\"Organization\",\"@id\":\"https:\/\/concepts-mallorca.com\/de#organization\",\"name\":\"Real Estate Conceps Mallorca\",\"url\":\"https:\/\/concepts-mallorca.com\/de\",\"logo\":{\"@type\":\"ImageObject\",\"inLanguage\":\"de-DE\",\"@id\":\"https:\/\/concepts-mallorca.com\/de#\/schema\/logo\/image\/\",\"url\":\"https:\/\/concepts-mallorca.com\/wp-content\/uploads\/2023\/05\/logo-real-estate-conceps.png\",\"contentUrl\":\"https:\/\/concepts-mallorca.com\/wp-content\/uploads\/2023\/05\/logo-real-estate-conceps.png\",\"width\":1064,\"height\":485,\"caption\":\"Real Estate Conceps Mallorca\"},\"image\":{\"@id\":\"https:\/\/concepts-mallorca.com\/de#\/schema\/logo\/image\/\"},\"sameAs\":[\"https:\/\/www.instagram.com\/real.estateconcepts\/\"]}]}<\/script>\n<!-- \/ Yoast SEO plugin. -->","yoast_head_json":{"title":"Datenschutzerkl\u00e4rung - Real Estate Conceps Mallorca","robots":{"index":"index","follow":"follow","max-snippet":"max-snippet:-1","max-image-preview":"max-image-preview:large","max-video-preview":"max-video-preview:-1"},"canonical":"https:\/\/concepts-mallorca.com\/de\/datenschutzerklaerung","og_locale":"de_DE","og_type":"article","og_title":"Datenschutzerkl\u00e4rung - Real Estate Conceps Mallorca","og_description":"Ausgehend von den Bestimmungen der Datenschutz-Grundverordnung 2016\/679 (DSGVO) legt vorliegende Datenschutzerkl\u00e4rung fest, wie REAL ESTATE CONCEPTS S.L. die von den Benutzern beim Aufruf der Website \u00fcbermittelten Daten verwendet und sch\u00fctzt. Wenn wir Sie nach personenbezogenen Daten fragen, mit denen Sie identifiziert werden k\u00f6nnen, stellen wir sicher, dass diese Daten nur im Einklang mit den Bestimmungen [&hellip;]","og_url":"https:\/\/concepts-mallorca.com\/de\/datenschutzerklaerung","og_site_name":"Real Estate Conceps Mallorca","og_image":[{"width":1064,"height":485,"url":"https:\/\/concepts-mallorca.com\/wp-content\/uploads\/2023\/05\/logo-real-estate-conceps.png","type":"image\/png"}],"twitter_card":"summary_large_image","twitter_misc":{"Gesch\u00e4tzte Lesezeit":"5 Minuten"},"schema":{"@context":"https:\/\/schema.org","@graph":[{"@type":"WebPage","@id":"https:\/\/concepts-mallorca.com\/de\/datenschutzerklaerung","url":"https:\/\/concepts-mallorca.com\/de\/datenschutzerklaerung","name":"Datenschutzerkl\u00e4rung - Real Estate Conceps Mallorca","isPartOf":{"@id":"https:\/\/concepts-mallorca.com\/de#website"},"datePublished":"2023-06-06T10:33:29+00:00","dateModified":"2023-06-06T10:33:29+00:00","breadcrumb":{"@id":"https:\/\/concepts-mallorca.com\/de\/datenschutzerklaerung#breadcrumb"},"inLanguage":"de-DE","potentialAction":[{"@type":"ReadAction","target":["https:\/\/concepts-mallorca.com\/de\/datenschutzerklaerung"]}]},{"@type":"BreadcrumbList","@id":"https:\/\/concepts-mallorca.com\/de\/datenschutzerklaerung#breadcrumb","itemListElement":[{"@type":"ListItem","position":1,"name":"Portada","item":"https:\/\/concepts-mallorca.com\/de"},{"@type":"ListItem","position":2,"name":"Datenschutzerkl\u00e4rung"}]},{"@type":"WebSite","@id":"https:\/\/concepts-mallorca.com\/de#website","url":"https:\/\/concepts-mallorca.com\/de","name":"Real Estate Conceps Mallorca","description":"Tu nuevo hogar","publisher":{"@id":"https:\/\/concepts-mallorca.com\/de#organization"},"potentialAction":[{"@type":"SearchAction","target":{"@type":"EntryPoint","urlTemplate":"https:\/\/concepts-mallorca.com\/de?s={search_term_string}"},"query-input":"required name=search_term_string"}],"inLanguage":"de-DE"},{"@type":"Organization","@id":"https:\/\/concepts-mallorca.com\/de#organization","name":"Real Estate Conceps Mallorca","url":"https:\/\/concepts-mallorca.com\/de","logo":{"@type":"ImageObject","inLanguage":"de-DE","@id":"https:\/\/concepts-mallorca.com\/de#\/schema\/logo\/image\/","url":"https:\/\/concepts-mallorca.com\/wp-content\/uploads\/2023\/05\/logo-real-estate-conceps.png","contentUrl":"https:\/\/concepts-mallorca.com\/wp-content\/uploads\/2023\/05\/logo-real-estate-conceps.png","width":1064,"height":485,"caption":"Real Estate Conceps Mallorca"},"image":{"@id":"https:\/\/concepts-mallorca.com\/de#\/schema\/logo\/image\/"},"sameAs":["https:\/\/www.instagram.com\/real.estateconcepts\/"]}]}},"_links":{"self":[{"href":"https:\/\/concepts-mallorca.com\/de\/wp-json\/wp\/v2\/pages\/10834"}],"collection":[{"href":"https:\/\/concepts-mallorca.com\/de\/wp-json\/wp\/v2\/pages"}],"about":[{"href":"https:\/\/concepts-mallorca.com\/de\/wp-json\/wp\/v2\/types\/page"}],"author":[{"embeddable":true,"href":"https:\/\/concepts-mallorca.com\/de\/wp-json\/wp\/v2\/users\/1"}],"replies":[{"embeddable":true,"href":"https:\/\/concepts-mallorca.com\/de\/wp-json\/wp\/v2\/comments?post=10834"}],"version-history":[{"count":0,"href":"https:\/\/concepts-mallorca.com\/de\/wp-json\/wp\/v2\/pages\/10834\/revisions"}],"wp:attachment":[{"href":"https:\/\/concepts-mallorca.com\/de\/wp-json\/wp\/v2\/media?parent=10834"}],"curies":[{"name":"wp","href":"https:\/\/api.w.org\/{rel}","templated":true}]}}