{"id":10833,"date":"2023-06-06T13:10:10","date_gmt":"2023-06-06T11:10:10","guid":{"rendered":"https:\/\/concepts-mallorca.com\/cookies-richtlinie"},"modified":"2023-06-06T13:10:10","modified_gmt":"2023-06-06T11:10:10","slug":"cookies-richtlinie","status":"publish","type":"page","link":"https:\/\/concepts-mallorca.com\/de\/cookies-richtlinie","title":{"rendered":"Cookies-Richtlinie"},"content":{"rendered":"<style>\n    a.cky-banner-element {<br \/>        padding: 8px 30px;<br \/>        background: #F8F9FA;<br \/>        color: #858A8F;<br \/>        border: 1px solid #DEE2E6;<br \/>        box-sizing: border-box;<br \/>        border-radius: 2px;<br \/>        cursor: pointer;<br \/>}<br \/><\/style>\n<p>G\u00fcltig seit: 6. Juni 2023<br \/>\nLetzte \u00c4nderung: 6. Juni 2023<\/p>\n<p>&nbsp;<\/p>\n<h4>Was sind Cookies?<\/h4>\n<p>Diese Cookies-Richtlinie erl\u00e4utert, was Cookies sind und wie wir sie verwenden, welche Cookies wir einsetzen, also welche Daten bei der Verwendung von Cookies gesammelt werden, wie diese Daten verwendet werden und wie die Cookies-Konfiguration verwaltet wird.<\/p>\n<p>Cookies sind kleine Textdateien, mit denen Daten gespeichert werden. Diese Daten werden beim Aufruf der Website mit Ihrem Browser auf Ihrem Endger\u00e4t gespeichert. Cookies helfen uns, dass die Website richtig arbeitet, sicherer ist, eine bessere Benutzererfahrung bietet und wir die Funktionsweise der Website verstehen und ihr Verbesserungspotenzial analysieren k\u00f6nnen.<\/p>\n<h4>Wie verwenden wir Cookies?<\/h4>\n<p>Wie die meisten Onlinedienste verwendet unsere Website eigene Cookies und Drittanbieter-Cookies zu mehreren Zwecken. Die meisten eigenen Cookies sind f\u00fcr die ordnungsgem\u00e4\u00dfe Funktionsweise der Website erforderlich und sammeln keine personenbezogenen Daten.<\/p>\n<p>Cookies von Drittanbietern auf unserer Website dienen haupts\u00e4chlich dem Verst\u00e4ndnis der Funktionsweise und der Wechselwirkungen unserer Website, f\u00fcr die Sicherung unserer Leistungen, die Bereitstellung von f\u00fcr Sie relevanten Anzeigen und allgemein f\u00fcr eine bessere und verbesserte Benutzererfahrung und schnellere zuk\u00fcnftige Aufrufe unserer Website.<\/p>\n<h4>Arten der von uns verwendeten Cookies<\/h4>\n<div class=\"cky-audit-table-element\"><\/div>\n<p>&nbsp;<\/p>\n<h4 style=\"margin-bottom: 20px;\">Cookies-Einstellungen \u00e4ndern<\/h4>\n<p><a class=\"cky-banner-element\">Cookies-Einstellungen<\/a><\/p>\n<div>\n<p>Durch Anklicken der obenstehenden Schaltfl\u00e4che k\u00f6nnen Sie Ihre Cookies-Einstellungen jederzeit \u00e4ndern. Damit rufen Sie die Cookies-Einverst\u00e4ndniserkl\u00e4rung erneut auf und k\u00f6nnen unmittelbar Ihre Einstellungen \u00e4ndern oder Ihr Einverst\u00e4ndnis widerrufen.<\/p>\n<p>Au\u00dferdem bieten die einzelnen Browser verschiedene M\u00f6glichkeiten, von Websites verwendete Cookies abzulehnen und zu l\u00f6schen. Zum Ablehnen\/L\u00f6schen von Cookies k\u00f6nnen Sie die Einstellungen Ihres Browsers \u00e4ndern. Nachstehend finden Sie die Links zu den Anleitungen zum Verwalten und L\u00f6schen von Cookies in den wichtigsten Browsern.<\/p>\n<p><strong>Chrome:<\/strong> <a href=\"https:\/\/support.google.com\/accounts\/answer\/32050\" target=\"_blank\" rel=\"noopener\">https:\/\/support.google.com\/accounts\/answer\/32050<\/a><\/p>\n<p><strong>Safari:<\/strong> <a href=\"https:\/\/support.apple.com\/en-in\/guide\/safari\/sfri11471\/mac\" target=\"_blank\" rel=\"noopener\">https:\/\/support.apple.com\/en-in\/guide\/safari\/sfri11471\/mac<\/a><\/p>\n<p><strong>Firefox:<\/strong> <a href=\"https:\/\/support.mozilla.org\/en-US\/kb\/clear-cookies-and-site-data-firefox?redirectslug=delete-cookies-remove-info-websites-stored&amp;redirectlocale=en-US\" target=\"_blank\" rel=\"noopener\">https:\/\/support.mozilla.org\/en-US\/kb\/clear-cookies-and-site-data-firefox?redirectslug=delete-cookies-remove-info-websites-stored&amp;redirectlocale=en-US<\/a><\/p>\n<p><strong>Internet Explorer:<\/strong> <a href=\"https:\/\/support.microsoft.com\/en-us\/topic\/how-to-delete-cookie-files-in-internet-explorer-bca9446f-d873-78de-77ba-d42645fa52fc\" target=\"_blank\" rel=\"noopener\">https:\/\/support.microsoft.com\/en-us\/topic\/how-to-delete-cookie-files-in-internet-explorer-bca9446f-d873-78de-77ba-d42645fa52fc<\/a><\/p>\n<p>Falls Sie einen anderen Browser verwenden, sehen Sie sich die offiziellen Anleitungen Ihres Browsers an.<\/p>\n<\/div>\n","protected":false},"excerpt":{"rendered":"<p>G\u00fcltig seit: 6. Juni 2023 Letzte \u00c4nderung: 6. Juni 2023 &nbsp; Was sind Cookies? Diese Cookies-Richtlinie erl\u00e4utert, was Cookies sind und wie wir sie verwenden, welche Cookies wir einsetzen, also welche Daten bei der Verwendung von Cookies gesammelt werden, wie diese Daten verwendet werden und wie die Cookies-Konfiguration verwaltet wird. Cookies sind kleine Textdateien, mit [&hellip;]<\/p>\n","protected":false},"author":1,"featured_media":0,"parent":0,"menu_order":0,"comment_status":"closed","ping_status":"closed","template":"","meta":{"footnotes":""},"yoast_head":"<!-- This site is optimized with the Yoast SEO plugin v21.2 - https:\/\/yoast.com\/wordpress\/plugins\/seo\/ -->\n<title>Cookies-Richtlinie - Real Estate Conceps Mallorca<\/title>\n<meta name=\"robots\" content=\"index, follow, max-snippet:-1, max-image-preview:large, max-video-preview:-1\" \/>\n<link rel=\"canonical\" href=\"https:\/\/concepts-mallorca.com\/de\/cookies-richtlinie\" \/>\n<meta property=\"og:locale\" content=\"de_DE\" \/>\n<meta property=\"og:type\" content=\"article\" \/>\n<meta property=\"og:title\" content=\"Cookies-Richtlinie - Real Estate Conceps Mallorca\" \/>\n<meta property=\"og:description\" content=\"G\u00fcltig seit: 6. Juni 2023 Letzte \u00c4nderung: 6. Juni 2023 &nbsp; Was sind Cookies? Diese Cookies-Richtlinie erl\u00e4utert, was Cookies sind und wie wir sie verwenden, welche Cookies wir einsetzen, also welche Daten bei der Verwendung von Cookies gesammelt werden, wie diese Daten verwendet werden und wie die Cookies-Konfiguration verwaltet wird. Cookies sind kleine Textdateien, mit [&hellip;]\" \/>\n<meta property=\"og:url\" content=\"https:\/\/concepts-mallorca.com\/de\/cookies-richtlinie\" \/>\n<meta property=\"og:site_name\" content=\"Real Estate Conceps Mallorca\" \/>\n<meta property=\"og:image\" content=\"https:\/\/concepts-mallorca.com\/wp-content\/uploads\/2023\/05\/logo-real-estate-conceps.png\" \/>\n\t<meta property=\"og:image:width\" content=\"1064\" \/>\n\t<meta property=\"og:image:height\" content=\"485\" \/>\n\t<meta property=\"og:image:type\" content=\"image\/png\" \/>\n<meta name=\"twitter:card\" content=\"summary_large_image\" \/>\n<meta name=\"twitter:label1\" content=\"Gesch\u00e4tzte Lesezeit\" \/>\n\t<meta name=\"twitter:data1\" content=\"2 Minuten\" \/>\n<script type=\"application\/ld+json\" class=\"yoast-schema-graph\">{\"@context\":\"https:\/\/schema.org\",\"@graph\":[{\"@type\":\"WebPage\",\"@id\":\"https:\/\/concepts-mallorca.com\/de\/cookies-richtlinie\",\"url\":\"https:\/\/concepts-mallorca.com\/de\/cookies-richtlinie\",\"name\":\"Cookies-Richtlinie - Real Estate Conceps Mallorca\",\"isPartOf\":{\"@id\":\"https:\/\/concepts-mallorca.com\/de#website\"},\"datePublished\":\"2023-06-06T11:10:10+00:00\",\"dateModified\":\"2023-06-06T11:10:10+00:00\",\"breadcrumb\":{\"@id\":\"https:\/\/concepts-mallorca.com\/de\/cookies-richtlinie#breadcrumb\"},\"inLanguage\":\"de-DE\",\"potentialAction\":[{\"@type\":\"ReadAction\",\"target\":[\"https:\/\/concepts-mallorca.com\/de\/cookies-richtlinie\"]}]},{\"@type\":\"BreadcrumbList\",\"@id\":\"https:\/\/concepts-mallorca.com\/de\/cookies-richtlinie#breadcrumb\",\"itemListElement\":[{\"@type\":\"ListItem\",\"position\":1,\"name\":\"Portada\",\"item\":\"https:\/\/concepts-mallorca.com\/de\"},{\"@type\":\"ListItem\",\"position\":2,\"name\":\"Cookies-Richtlinie\"}]},{\"@type\":\"WebSite\",\"@id\":\"https:\/\/concepts-mallorca.com\/de#website\",\"url\":\"https:\/\/concepts-mallorca.com\/de\",\"name\":\"Real Estate Conceps Mallorca\",\"description\":\"Tu nuevo hogar\",\"publisher\":{\"@id\":\"https:\/\/concepts-mallorca.com\/de#organization\"},\"potentialAction\":[{\"@type\":\"SearchAction\",\"target\":{\"@type\":\"EntryPoint\",\"urlTemplate\":\"https:\/\/concepts-mallorca.com\/de?s={search_term_string}\"},\"query-input\":\"required name=search_term_string\"}],\"inLanguage\":\"de-DE\"},{\"@type\":\"Organization\",\"@id\":\"https:\/\/concepts-mallorca.com\/de#organization\",\"name\":\"Real Estate Conceps Mallorca\",\"url\":\"https:\/\/concepts-mallorca.com\/de\",\"logo\":{\"@type\":\"ImageObject\",\"inLanguage\":\"de-DE\",\"@id\":\"https:\/\/concepts-mallorca.com\/de#\/schema\/logo\/image\/\",\"url\":\"https:\/\/concepts-mallorca.com\/wp-content\/uploads\/2023\/05\/logo-real-estate-conceps.png\",\"contentUrl\":\"https:\/\/concepts-mallorca.com\/wp-content\/uploads\/2023\/05\/logo-real-estate-conceps.png\",\"width\":1064,\"height\":485,\"caption\":\"Real Estate Conceps Mallorca\"},\"image\":{\"@id\":\"https:\/\/concepts-mallorca.com\/de#\/schema\/logo\/image\/\"},\"sameAs\":[\"https:\/\/www.instagram.com\/real.estateconcepts\/\"]}]}<\/script>\n<!-- \/ Yoast SEO plugin. -->","yoast_head_json":{"title":"Cookies-Richtlinie - Real Estate Conceps Mallorca","robots":{"index":"index","follow":"follow","max-snippet":"max-snippet:-1","max-image-preview":"max-image-preview:large","max-video-preview":"max-video-preview:-1"},"canonical":"https:\/\/concepts-mallorca.com\/de\/cookies-richtlinie","og_locale":"de_DE","og_type":"article","og_title":"Cookies-Richtlinie - Real Estate Conceps Mallorca","og_description":"G\u00fcltig seit: 6. Juni 2023 Letzte \u00c4nderung: 6. Juni 2023 &nbsp; Was sind Cookies? Diese Cookies-Richtlinie erl\u00e4utert, was Cookies sind und wie wir sie verwenden, welche Cookies wir einsetzen, also welche Daten bei der Verwendung von Cookies gesammelt werden, wie diese Daten verwendet werden und wie die Cookies-Konfiguration verwaltet wird. Cookies sind kleine Textdateien, mit [&hellip;]","og_url":"https:\/\/concepts-mallorca.com\/de\/cookies-richtlinie","og_site_name":"Real Estate Conceps Mallorca","og_image":[{"width":1064,"height":485,"url":"https:\/\/concepts-mallorca.com\/wp-content\/uploads\/2023\/05\/logo-real-estate-conceps.png","type":"image\/png"}],"twitter_card":"summary_large_image","twitter_misc":{"Gesch\u00e4tzte Lesezeit":"2 Minuten"},"schema":{"@context":"https:\/\/schema.org","@graph":[{"@type":"WebPage","@id":"https:\/\/concepts-mallorca.com\/de\/cookies-richtlinie","url":"https:\/\/concepts-mallorca.com\/de\/cookies-richtlinie","name":"Cookies-Richtlinie - Real Estate Conceps Mallorca","isPartOf":{"@id":"https:\/\/concepts-mallorca.com\/de#website"},"datePublished":"2023-06-06T11:10:10+00:00","dateModified":"2023-06-06T11:10:10+00:00","breadcrumb":{"@id":"https:\/\/concepts-mallorca.com\/de\/cookies-richtlinie#breadcrumb"},"inLanguage":"de-DE","potentialAction":[{"@type":"ReadAction","target":["https:\/\/concepts-mallorca.com\/de\/cookies-richtlinie"]}]},{"@type":"BreadcrumbList","@id":"https:\/\/concepts-mallorca.com\/de\/cookies-richtlinie#breadcrumb","itemListElement":[{"@type":"ListItem","position":1,"name":"Portada","item":"https:\/\/concepts-mallorca.com\/de"},{"@type":"ListItem","position":2,"name":"Cookies-Richtlinie"}]},{"@type":"WebSite","@id":"https:\/\/concepts-mallorca.com\/de#website","url":"https:\/\/concepts-mallorca.com\/de","name":"Real Estate Conceps Mallorca","description":"Tu nuevo hogar","publisher":{"@id":"https:\/\/concepts-mallorca.com\/de#organization"},"potentialAction":[{"@type":"SearchAction","target":{"@type":"EntryPoint","urlTemplate":"https:\/\/concepts-mallorca.com\/de?s={search_term_string}"},"query-input":"required name=search_term_string"}],"inLanguage":"de-DE"},{"@type":"Organization","@id":"https:\/\/concepts-mallorca.com\/de#organization","name":"Real Estate Conceps Mallorca","url":"https:\/\/concepts-mallorca.com\/de","logo":{"@type":"ImageObject","inLanguage":"de-DE","@id":"https:\/\/concepts-mallorca.com\/de#\/schema\/logo\/image\/","url":"https:\/\/concepts-mallorca.com\/wp-content\/uploads\/2023\/05\/logo-real-estate-conceps.png","contentUrl":"https:\/\/concepts-mallorca.com\/wp-content\/uploads\/2023\/05\/logo-real-estate-conceps.png","width":1064,"height":485,"caption":"Real Estate Conceps Mallorca"},"image":{"@id":"https:\/\/concepts-mallorca.com\/de#\/schema\/logo\/image\/"},"sameAs":["https:\/\/www.instagram.com\/real.estateconcepts\/"]}]}},"_links":{"self":[{"href":"https:\/\/concepts-mallorca.com\/de\/wp-json\/wp\/v2\/pages\/10833"}],"collection":[{"href":"https:\/\/concepts-mallorca.com\/de\/wp-json\/wp\/v2\/pages"}],"about":[{"href":"https:\/\/concepts-mallorca.com\/de\/wp-json\/wp\/v2\/types\/page"}],"author":[{"embeddable":true,"href":"https:\/\/concepts-mallorca.com\/de\/wp-json\/wp\/v2\/users\/1"}],"replies":[{"embeddable":true,"href":"https:\/\/concepts-mallorca.com\/de\/wp-json\/wp\/v2\/comments?post=10833"}],"version-history":[{"count":0,"href":"https:\/\/concepts-mallorca.com\/de\/wp-json\/wp\/v2\/pages\/10833\/revisions"}],"wp:attachment":[{"href":"https:\/\/concepts-mallorca.com\/de\/wp-json\/wp\/v2\/media?parent=10833"}],"curies":[{"name":"wp","href":"https:\/\/api.w.org\/{rel}","templated":true}]}}